{"id":1048,"date":"2021-04-29T10:49:29","date_gmt":"2021-04-29T10:49:29","guid":{"rendered":"https:\/\/ctlegal.rs\/?page_id=1048"},"modified":"2021-05-06T14:02:31","modified_gmt":"2021-05-06T14:02:31","slug":"our-firm","status":"publish","type":"page","link":"https:\/\/ctlegal.rs\/sr\/our-firm\/","title":{"rendered":"Na\u0161a kancelarija"},"content":{"rendered":"<div style=\"height:125px\" aria-hidden=\"true\" class=\"wp-block-spacer vertical_line margintop40 marginbottom40\"><\/div>\n\n\n\n<div style=\"height:30px\" aria-hidden=\"true\" class=\"wp-block-spacer\"><\/div>\n\n\n\n<h2 class=\"has-text-align-center uppercase wp-block-heading\">Cakovi\u0107 \/ Tomi\u0107 &#8211; CT Legal<\/h2>\n\n\n\n<p class=\"has-text-align-center maxwidth760\">Cakovi\u0107 Tomi\u0107 - CT Legal je advokatska kancelarija sa sedi\u0161tem u Beogradu, usmerena na pru\u017eanje sveobuhvatnih pravnih usluga, doma\u0107im i inostranim klijentima.<br>We offer a wide range of legal services to both, international and local clients.<\/p>\n\n\n\n<p class=\"has-text-align-center maxwidth760\">Mi smo uvek i pre svega posve\u0107eni klijentu i pronala\u017eenju adekvatnog re\u0161enja, pri \u010demu smo prepoznati po kvalitetu i pouzdanosti.<\/p>\n\n\n\n<div style=\"height:125px\" aria-hidden=\"true\" class=\"wp-block-spacer vertical_line margintop40 marginbottom40\"><\/div>\n\n\n\n<div class=\"wp-block-columns our_firm is-layout-flex wp-container-core-columns-is-layout-9d6595d7 wp-block-columns-is-layout-flex\">\n<div class=\"wp-block-column our_firm_col1 is-layout-flow wp-block-column-is-layout-flow\" style=\"flex-basis:59%\">\n<figure class=\"wp-block-image size-full animation_rotate_left\"><img loading=\"lazy\" decoding=\"async\" width=\"575\" height=\"514\" src=\"https:\/\/ctlegal.rs\/wp-content\/uploads\/2021\/04\/firm1.jpg\" alt=\"Vase\" class=\"wp-image-1060\" srcset=\"https:\/\/ctlegal.rs\/wp-content\/uploads\/2021\/04\/firm1.jpg 575w, https:\/\/ctlegal.rs\/wp-content\/uploads\/2021\/04\/firm1-300x268.jpg 300w, https:\/\/ctlegal.rs\/wp-content\/uploads\/2021\/04\/firm1-13x12.jpg 13w\" sizes=\"auto, (max-width: 575px) 100vw, 575px\" \/><\/figure>\n\n\n\n<p>ADVOKATSKA KANCELARIJA<\/p>\n<\/div>\n\n\n\n<div class=\"wp-block-column is-vertically-aligned-bottom is-layout-flow wp-block-column-is-layout-flow\" style=\"flex-basis:41%\">\n<div class=\"wp-block-image animation_rotate_right\"><figure class=\"alignright size-full\"><img loading=\"lazy\" decoding=\"async\" width=\"439\" height=\"293\" src=\"https:\/\/ctlegal.rs\/wp-content\/uploads\/2021\/04\/firm2.jpg\" alt=\"Hand\" class=\"wp-image-1061\" srcset=\"https:\/\/ctlegal.rs\/wp-content\/uploads\/2021\/04\/firm2.jpg 439w, https:\/\/ctlegal.rs\/wp-content\/uploads\/2021\/04\/firm2-300x200.jpg 300w, https:\/\/ctlegal.rs\/wp-content\/uploads\/2021\/04\/firm2-16x12.jpg 16w\" sizes=\"auto, (max-width: 439px) 100vw, 439px\" \/><\/figure><\/div>\n\n\n\n<div style=\"height:30px\" aria-hidden=\"true\" class=\"wp-block-spacer\"><\/div>\n<\/div>\n<\/div>\n\n\n\n<div class=\"wp-block-image animation_bottom\"><figure class=\"aligncenter size-full\"><img loading=\"lazy\" decoding=\"async\" width=\"976\" height=\"652\" src=\"https:\/\/ctlegal.rs\/wp-content\/uploads\/2021\/04\/firm3.jpg\" alt=\"Belgrade\" class=\"wp-image-1058\" srcset=\"https:\/\/ctlegal.rs\/wp-content\/uploads\/2021\/04\/firm3.jpg 976w, https:\/\/ctlegal.rs\/wp-content\/uploads\/2021\/04\/firm3-300x200.jpg 300w, https:\/\/ctlegal.rs\/wp-content\/uploads\/2021\/04\/firm3-768x513.jpg 768w, https:\/\/ctlegal.rs\/wp-content\/uploads\/2021\/04\/firm3-16x12.jpg 16w\" sizes=\"auto, (max-width: 976px) 100vw, 976px\" \/><\/figure><\/div>\n\n\n\n<div style=\"height:50px\" aria-hidden=\"true\" class=\"wp-block-spacer\"><\/div>\n\n\n\n<div style=\"height:85px\" aria-hidden=\"true\" class=\"wp-block-spacer vertical_line marginbottom40\"><\/div>\n\n\n\n<h3 class=\"has-text-align-center wp-block-heading\">\u0160TA MO\u017dEMO DA URADIMO<br>ZA VAS?<\/h3>\n\n\n\n<div style=\"height:85px\" aria-hidden=\"true\" class=\"wp-block-spacer vertical_line marginbottom40\"><\/div>\n\n\n\n<div style=\"height:20px\" aria-hidden=\"true\" class=\"wp-block-spacer\"><\/div>\n\n\n\n<div class=\"wp-block-buttons is-content-justification-center is-layout-flex wp-block-buttons-is-layout-flex\">\n<div class=\"wp-block-button\"><a class=\"wp-block-button__link has-color-2-background-color has-background no-border-radius\" href=\"https:\/\/ctlegal.rs\/sr\/contact-us\/\">Kontaktirajte nas<\/a><\/div>\n<\/div>\n\n\n\n<div class=\"wp-block-columns alignfull is-layout-flex wp-container-core-columns-is-layout-9d6595d7 wp-block-columns-is-layout-flex\">\n<div class=\"wp-block-column is-layout-flow wp-block-column-is-layout-flow\">\n<div class=\"wp-block-image backtop marginright30 margintop30neg\"><figure class=\"alignright size-large is-resized\"><a href=\"#toprow\"><img loading=\"lazy\" decoding=\"async\" src=\"https:\/\/ctlegal.rs\/wp-content\/uploads\/2021\/04\/top.png\" alt=\"Top\" class=\"wp-image-868\" width=\"58\" height=\"58\"\/><\/a><\/figure><\/div>\n\n\n\n<p><\/p>\n<\/div>\n<\/div>","protected":false},"excerpt":{"rendered":"<p>Cakovi\u0107 \/ Tomi\u0107 &#8211; CT Legal Cakovic Tomic &#8211; CT Legal is a full service law office, based in Belgrade, the capital of Serbia.We offer a wide range of legal services to both, international and local clients. The governing principle of our office is dedication to each and every client as well as to finding [&hellip;]<\/p>\n","protected":false},"author":1,"featured_media":0,"parent":0,"menu_order":0,"comment_status":"closed","ping_status":"closed","template":"","meta":{"footnotes":""},"class_list":["post-1048","page","type-page","status-publish","hentry"],"_links":{"self":[{"href":"https:\/\/ctlegal.rs\/sr\/wp-json\/wp\/v2\/pages\/1048","targetHints":{"allow":["GET"]}}],"collection":[{"href":"https:\/\/ctlegal.rs\/sr\/wp-json\/wp\/v2\/pages"}],"about":[{"href":"https:\/\/ctlegal.rs\/sr\/wp-json\/wp\/v2\/types\/page"}],"author":[{"embeddable":true,"href":"https:\/\/ctlegal.rs\/sr\/wp-json\/wp\/v2\/users\/1"}],"replies":[{"embeddable":true,"href":"https:\/\/ctlegal.rs\/sr\/wp-json\/wp\/v2\/comments?post=1048"}],"version-history":[{"count":25,"href":"https:\/\/ctlegal.rs\/sr\/wp-json\/wp\/v2\/pages\/1048\/revisions"}],"predecessor-version":[{"id":1242,"href":"https:\/\/ctlegal.rs\/sr\/wp-json\/wp\/v2\/pages\/1048\/revisions\/1242"}],"wp:attachment":[{"href":"https:\/\/ctlegal.rs\/sr\/wp-json\/wp\/v2\/media?parent=1048"}],"curies":[{"name":"wp","href":"https:\/\/api.w.org\/{rel}","templated":true}]}}