{"id":1080,"date":"2021-04-29T12:07:52","date_gmt":"2021-04-29T12:07:52","guid":{"rendered":"https:\/\/ctlegal.rs\/?page_id=1080"},"modified":"2021-05-06T08:18:24","modified_gmt":"2021-05-06T08:18:24","slug":"values","status":"publish","type":"page","link":"https:\/\/ctlegal.rs\/sr\/values\/","title":{"rendered":"Vrednosti"},"content":{"rendered":"<div class=\"wp-block-columns values_row is-layout-flex wp-container-core-columns-is-layout-9d6595d7 wp-block-columns-is-layout-flex\">\n<div class=\"wp-block-column paddingleft150desktop is-layout-flow wp-block-column-is-layout-flow\" style=\"flex-basis:55%\">\n<h2 class=\"has-color-2-color has-text-color wp-block-heading\">MI SMO<br>POUZDANI.<\/h2>\n\n\n\n<p class=\"maxwidth360left has-color-2-color has-text-color\">Izvr\u0161enje usluga u dogovorenom roku, pod utvr\u0111enim uslovima je pravilo od koga ne odstupamo.<\/p>\n<\/div>\n\n\n\n<div class=\"wp-block-column is-layout-flow wp-block-column-is-layout-flow\" style=\"flex-basis:45%\">\n<div style=\"height:15px\" aria-hidden=\"true\" class=\"wp-block-spacer\"><\/div>\n\n\n\n<div class=\"wp-block-image\"><figure class=\"aligncenter size-large is-resized\"><img loading=\"lazy\" decoding=\"async\" src=\"https:\/\/ctlegal.rs\/wp-content\/uploads\/2021\/04\/icon_values1.png\" alt=\"Shield\" class=\"wp-image-1089\" width=\"61\" height=\"73\" srcset=\"https:\/\/ctlegal.rs\/wp-content\/uploads\/2021\/04\/icon_values1.png 122w, https:\/\/ctlegal.rs\/wp-content\/uploads\/2021\/04\/icon_values1-10x12.png 10w\" sizes=\"auto, (max-width: 61px) 100vw, 61px\" \/><\/figure><\/div>\n<\/div>\n<\/div>\n\n\n\n<div style=\"height:70px\" aria-hidden=\"true\" class=\"wp-block-spacer vertical_line2\"><\/div>\n\n\n\n<div class=\"wp-block-columns alignfull values_row has-color-7-background-color has-background is-layout-flex wp-container-core-columns-is-layout-9d6595d7 wp-block-columns-is-layout-flex\">\n<div class=\"wp-block-column is-layout-flow wp-block-column-is-layout-flow\">\n<div class=\"wp-block-columns maxwidth1200 is-layout-flex wp-container-core-columns-is-layout-9d6595d7 wp-block-columns-is-layout-flex\">\n<div class=\"wp-block-column is-layout-flow wp-block-column-is-layout-flow\">\n<div class=\"wp-block-columns is-layout-flex wp-container-core-columns-is-layout-9d6595d7 wp-block-columns-is-layout-flex\">\n<div class=\"wp-block-column is-vertically-aligned-top paddingleft150desktop is-layout-flow wp-block-column-is-layout-flow\">\n<div class=\"wp-block-image\"><figure class=\"alignleft size-large is-resized\"><img loading=\"lazy\" decoding=\"async\" src=\"https:\/\/ctlegal.rs\/wp-content\/uploads\/2021\/04\/icon_values2.png\" alt=\"Certificate\" class=\"wp-image-1103\" width=\"73\" height=\"60\" srcset=\"https:\/\/ctlegal.rs\/wp-content\/uploads\/2021\/04\/icon_values2.png 146w, https:\/\/ctlegal.rs\/wp-content\/uploads\/2021\/04\/icon_values2-16x12.png 16w\" sizes=\"auto, (max-width: 73px) 100vw, 73px\" \/><\/figure><\/div>\n<\/div>\n\n\n\n<div class=\"wp-block-column paddingleft150desktop is-layout-flow wp-block-column-is-layout-flow\">\n<h2 class=\"has-color-5-color has-text-color wp-block-heading\">MI SMO<br>STRU\u010cNI.<\/h2>\n\n\n\n<p class=\"maxwidth360left has-color-5-color has-text-color\">Mi zastupamo sa najboljom pa\u017enjom i posve\u0107eno\u0161\u0107u, uz prednost koje nam daje iskustvo, ali ne oslanjaju\u0107i se samo na njega.<\/p>\n<\/div>\n<\/div>\n<\/div>\n<\/div>\n<\/div>\n<\/div>\n\n\n\n<div style=\"height:30px\" aria-hidden=\"true\" class=\"wp-block-spacer\"><\/div>\n\n\n\n<div class=\"wp-block-columns values_row is-layout-flex wp-container-core-columns-is-layout-9d6595d7 wp-block-columns-is-layout-flex\">\n<div class=\"wp-block-column paddingleft150desktop is-layout-flow wp-block-column-is-layout-flow\" style=\"flex-basis:55%\">\n<h2 class=\"has-color-2-color has-text-color wp-block-heading\">MI SMO OKRENUTI<br>REZULTATU.<\/h2>\n\n\n\n<p class=\"maxwidth360left has-color-2-color has-text-color\">Tu smo da saslu\u0161amo, razumemo i na\u0111emo re\u0161enje. Uspeh klijenta je na\u0161 uspeh.<\/p>\n<\/div>\n\n\n\n<div class=\"wp-block-column is-layout-flow wp-block-column-is-layout-flow\" style=\"flex-basis:45%\">\n<div style=\"height:15px\" aria-hidden=\"true\" class=\"wp-block-spacer\"><\/div>\n\n\n\n<div class=\"wp-block-image\"><figure class=\"aligncenter size-large is-resized\"><img loading=\"lazy\" decoding=\"async\" src=\"https:\/\/ctlegal.rs\/wp-content\/uploads\/2021\/04\/icon_values3.png\" alt=\"Target\" class=\"wp-image-1122\" width=\"67\" height=\"67\" srcset=\"https:\/\/ctlegal.rs\/wp-content\/uploads\/2021\/04\/icon_values3.png 133w, https:\/\/ctlegal.rs\/wp-content\/uploads\/2021\/04\/icon_values3-12x12.png 12w\" sizes=\"auto, (max-width: 67px) 100vw, 67px\" \/><\/figure><\/div>\n<\/div>\n<\/div>\n\n\n\n<div style=\"height:70px\" aria-hidden=\"true\" class=\"wp-block-spacer vertical_line2\"><\/div>\n\n\n\n<div class=\"wp-block-columns alignfull values_row has-color-7-background-color has-background is-layout-flex wp-container-core-columns-is-layout-9d6595d7 wp-block-columns-is-layout-flex\">\n<div class=\"wp-block-column is-layout-flow wp-block-column-is-layout-flow\">\n<div class=\"wp-block-columns maxwidth1200 is-layout-flex wp-container-core-columns-is-layout-9d6595d7 wp-block-columns-is-layout-flex\">\n<div class=\"wp-block-column is-layout-flow wp-block-column-is-layout-flow\">\n<div class=\"wp-block-columns is-layout-flex wp-container-core-columns-is-layout-9d6595d7 wp-block-columns-is-layout-flex\">\n<div class=\"wp-block-column is-vertically-aligned-top paddingleft150desktop is-layout-flow wp-block-column-is-layout-flow\">\n<div class=\"wp-block-image\"><figure class=\"alignleft size-large is-resized\"><img loading=\"lazy\" decoding=\"async\" src=\"https:\/\/ctlegal.rs\/wp-content\/uploads\/2021\/04\/icon_values4.png\" alt=\"Star\" class=\"wp-image-1123\" width=\"72\" height=\"71\" srcset=\"https:\/\/ctlegal.rs\/wp-content\/uploads\/2021\/04\/icon_values4.png 143w, https:\/\/ctlegal.rs\/wp-content\/uploads\/2021\/04\/icon_values4-12x12.png 12w\" sizes=\"auto, (max-width: 72px) 100vw, 72px\" \/><\/figure><\/div>\n<\/div>\n\n\n\n<div class=\"wp-block-column paddingleft150desktop is-layout-flow wp-block-column-is-layout-flow\">\n<h2 class=\"has-color-5-color has-text-color wp-block-heading\">MI SMO LJUBAZNI.<\/h2>\n\n\n\n<p class=\"maxwidth360left has-color-5-color has-text-color\">Mi se ljubazno i sa uva\u017eavanjem ophodimo jedni prema drugima, prema na\u0161im klijentima i suprotnim strankama.<\/p>\n<\/div>\n<\/div>\n<\/div>\n<\/div>\n<\/div>\n<\/div>\n\n\n\n<div style=\"height:30px\" aria-hidden=\"true\" class=\"wp-block-spacer\"><\/div>\n\n\n\n<div class=\"wp-block-columns values_row is-layout-flex wp-container-core-columns-is-layout-9d6595d7 wp-block-columns-is-layout-flex\">\n<div class=\"wp-block-column paddingleft150desktop is-layout-flow wp-block-column-is-layout-flow\" style=\"flex-basis:55%\">\n<h2 class=\"has-color-2-color has-text-color wp-block-heading\">MI SMO TIM.<\/h2>\n\n\n\n<p class=\"maxwidth360left has-color-2-color has-text-color\">Mi brinemo jedni o drugima. Verujemo da sinergija pojedina\u010dnog rada i anga\u017eovanja koji ula\u017eemo doprinosi uspehu na\u0161ih klijenata i na\u0161e advokatske kancelarije.<\/p>\n<\/div>\n\n\n\n<div class=\"wp-block-column is-layout-flow wp-block-column-is-layout-flow\" style=\"flex-basis:45%\">\n<div style=\"height:15px\" aria-hidden=\"true\" class=\"wp-block-spacer\"><\/div>\n\n\n\n<div class=\"wp-block-image\"><figure class=\"aligncenter size-large is-resized\"><img loading=\"lazy\" decoding=\"async\" src=\"https:\/\/ctlegal.rs\/wp-content\/uploads\/2021\/04\/icon_values5.png\" alt=\"Hands\" class=\"wp-image-1127\" width=\"72\" height=\"72\" srcset=\"https:\/\/ctlegal.rs\/wp-content\/uploads\/2021\/04\/icon_values5.png 144w, https:\/\/ctlegal.rs\/wp-content\/uploads\/2021\/04\/icon_values5-12x12.png 12w\" sizes=\"auto, (max-width: 72px) 100vw, 72px\" \/><\/figure><\/div>\n<\/div>\n<\/div>\n\n\n\n<div style=\"height:70px\" aria-hidden=\"true\" class=\"wp-block-spacer vertical_line2\"><\/div>\n\n\n\n<div class=\"wp-block-columns alignfull values_row has-color-7-background-color has-background is-layout-flex wp-container-core-columns-is-layout-9d6595d7 wp-block-columns-is-layout-flex\">\n<div class=\"wp-block-column is-layout-flow wp-block-column-is-layout-flow\">\n<div class=\"wp-block-columns maxwidth1200 is-layout-flex wp-container-core-columns-is-layout-9d6595d7 wp-block-columns-is-layout-flex\">\n<div class=\"wp-block-column is-layout-flow wp-block-column-is-layout-flow\">\n<div class=\"wp-block-columns is-layout-flex wp-container-core-columns-is-layout-9d6595d7 wp-block-columns-is-layout-flex\">\n<div class=\"wp-block-column is-vertically-aligned-top paddingleft150desktop is-layout-flow wp-block-column-is-layout-flow\">\n<div class=\"wp-block-image\"><figure class=\"alignleft size-large is-resized\"><img loading=\"lazy\" decoding=\"async\" src=\"https:\/\/ctlegal.rs\/wp-content\/uploads\/2021\/04\/icon_values6.png\" alt=\"Grateful\" class=\"wp-image-1132\" width=\"75\" height=\"57\" srcset=\"https:\/\/ctlegal.rs\/wp-content\/uploads\/2021\/04\/icon_values6.png 149w, https:\/\/ctlegal.rs\/wp-content\/uploads\/2021\/04\/icon_values6-16x12.png 16w\" sizes=\"auto, (max-width: 75px) 100vw, 75px\" \/><\/figure><\/div>\n<\/div>\n\n\n\n<div class=\"wp-block-column paddingleft150desktop is-layout-flow wp-block-column-is-layout-flow\">\n<h2 class=\"has-color-5-color has-text-color wp-block-heading\">MI SMO<br>ZAHVALNI.<\/h2>\n\n\n\n<p class=\"maxwidth360left has-color-5-color has-text-color\">Na\u0161i izazovi su na\u0161e prilike. Zahvalni smo \u0161to radimo posao koji volimo i doprinosimo razvoju profesije.<\/p>\n<\/div>\n<\/div>\n<\/div>\n<\/div>\n<\/div>\n<\/div>\n\n\n\n<div style=\"height:30px\" aria-hidden=\"true\" class=\"wp-block-spacer\"><\/div>\n\n\n\n<div class=\"wp-block-columns values_row is-layout-flex wp-container-core-columns-is-layout-9d6595d7 wp-block-columns-is-layout-flex\">\n<div class=\"wp-block-column paddingleft150desktop is-layout-flow wp-block-column-is-layout-flow\" style=\"flex-basis:55%\">\n<h2 class=\"has-color-2-color has-text-color wp-block-heading\">MI BIRAMO<br>DA BUDEMO SRE\u0106NI.<\/h2>\n\n\n\n<p class=\"maxwidth360left has-color-2-color has-text-color\">Svaki dan.<\/p>\n<\/div>\n\n\n\n<div class=\"wp-block-column is-layout-flow wp-block-column-is-layout-flow\" style=\"flex-basis:45%\">\n<div style=\"height:15px\" aria-hidden=\"true\" class=\"wp-block-spacer\"><\/div>\n\n\n\n<div class=\"wp-block-image\"><figure class=\"aligncenter size-large is-resized\"><img loading=\"lazy\" decoding=\"async\" src=\"https:\/\/ctlegal.rs\/wp-content\/uploads\/2021\/04\/icon_values7.png\" alt=\"Happy face\" class=\"wp-image-1136\" width=\"62\" height=\"62\" srcset=\"https:\/\/ctlegal.rs\/wp-content\/uploads\/2021\/04\/icon_values7.png 124w, https:\/\/ctlegal.rs\/wp-content\/uploads\/2021\/04\/icon_values7-12x12.png 12w\" sizes=\"auto, (max-width: 62px) 100vw, 62px\" \/><\/figure><\/div>\n<\/div>\n<\/div>\n\n\n\n<div class=\"wp-block-columns alignfull is-layout-flex wp-container-core-columns-is-layout-9d6595d7 wp-block-columns-is-layout-flex\">\n<div class=\"wp-block-column is-layout-flow wp-block-column-is-layout-flow\">\n<div class=\"wp-block-image backtop marginright30 margintop30neg\"><figure class=\"alignright size-large is-resized\"><a href=\"#toprow\"><img loading=\"lazy\" decoding=\"async\" src=\"https:\/\/ctlegal.rs\/wp-content\/uploads\/2021\/04\/top.png\" alt=\"Top\" class=\"wp-image-868\" width=\"58\" height=\"58\"\/><\/a><\/figure><\/div>\n\n\n\n<p><\/p>\n<\/div>\n<\/div>","protected":false},"excerpt":{"rendered":"<p>WE ARERELIABLE. There is no compromise with respect to deadlines and agreed conditions. WE ARE HIGHLYQUALIFIED. We pay the utmost, undivided attention to each case using our experience but never relying solely on it. WE ARE RESULTORIENTED. We are here to listen closely, understand and find the best solution. Our clients\u2019 success is our success. [&hellip;]<\/p>","protected":false},"author":1,"featured_media":0,"parent":0,"menu_order":0,"comment_status":"closed","ping_status":"closed","template":"","meta":{"footnotes":""},"class_list":["post-1080","page","type-page","status-publish","hentry"],"_links":{"self":[{"href":"https:\/\/ctlegal.rs\/sr\/wp-json\/wp\/v2\/pages\/1080","targetHints":{"allow":["GET"]}}],"collection":[{"href":"https:\/\/ctlegal.rs\/sr\/wp-json\/wp\/v2\/pages"}],"about":[{"href":"https:\/\/ctlegal.rs\/sr\/wp-json\/wp\/v2\/types\/page"}],"author":[{"embeddable":true,"href":"https:\/\/ctlegal.rs\/sr\/wp-json\/wp\/v2\/users\/1"}],"replies":[{"embeddable":true,"href":"https:\/\/ctlegal.rs\/sr\/wp-json\/wp\/v2\/comments?post=1080"}],"version-history":[{"count":52,"href":"https:\/\/ctlegal.rs\/sr\/wp-json\/wp\/v2\/pages\/1080\/revisions"}],"predecessor-version":[{"id":1225,"href":"https:\/\/ctlegal.rs\/sr\/wp-json\/wp\/v2\/pages\/1080\/revisions\/1225"}],"wp:attachment":[{"href":"https:\/\/ctlegal.rs\/sr\/wp-json\/wp\/v2\/media?parent=1080"}],"curies":[{"name":"wp","href":"https:\/\/api.w.org\/{rel}","templated":true}]}}