{"id":1138,"date":"2021-04-29T13:36:37","date_gmt":"2021-04-29T13:36:37","guid":{"rendered":"https:\/\/ctlegal.rs\/?page_id=1138"},"modified":"2025-10-13T07:26:27","modified_gmt":"2025-10-13T07:26:27","slug":"people","status":"publish","type":"page","link":"https:\/\/ctlegal.rs\/sr\/people\/","title":{"rendered":"Tim"},"content":{"rendered":"<div style=\"height:125px\" aria-hidden=\"true\" class=\"wp-block-spacer vertical_line margintop40 marginbottom40\"><\/div>\n\n\n\n<div class=\"wp-block-columns maxwidth760 is-layout-flex wp-container-core-columns-is-layout-9d6595d7 wp-block-columns-is-layout-flex\">\n<div class=\"wp-block-column is-layout-flow wp-block-column-is-layout-flow\">\n<p>Na\u0161i advokati imaju zna\u010dajno vi\u0161egodi\u0161nje iskustvo u zastupanju i pru\u017eanju pravnih usluga kako doma\u0107im, tako i inostranim klijentima u svim segmentima poslovanja privrednih dru\u0161tava po\u010dev\u0161i od osnivanja privrednih dru\u0161tava, korporativnog upravljanja, M&amp;A, radno pravnih pitanja, ugovornog prava, re\u0161avanja sporova, intelektualne svojine, prava konkurencije, za\u0161tite podataka o li\u010dnosti i dr.<\/p>\n\n\n\n<p class=\"black_link\">\u010clanovi na\u0161eg tima karijeru su gradili u advokaturi, gde su prepoznati kao vode\u0107i stru\u010dnjaci u oblastima svoje specijalizacije (korporativno i radno pravo), ali i u sektoru privrede (bankarstvo i finansije), \u0161to zajedno doprinosi boljem razumevanju poslovnog okru\u017eenja, zahteva i potreba na\u0161ih klijenata.<\/p>\n<\/div>\n<\/div>\n\n\n\n<p class=\"has-text-align-center people_subheading\">UPOZNAJTE NA\u0160 TIM<\/p>\n\n\n\n<div style=\"height:100px\" aria-hidden=\"true\" class=\"wp-block-spacer\"><\/div>\n\n\n\n<div class=\"wp-block-columns maxwidth760 people_row is-layout-flex wp-container-core-columns-is-layout-9d6595d7 wp-block-columns-is-layout-flex\">\n<div class=\"wp-block-column paddingleft50 people_col1 animation_fade is-layout-flow wp-block-column-is-layout-flow\" style=\"flex-basis:40%\">\n<h2 class=\"wp-block-heading people_name\" id=\"jovanatomic\">Jovana<br>Tomi\u0107<\/h2>\n\n\n\n<p class=\"people_position\">SENIOR PARTNER<\/p>\n\n\n\n<p class=\"people_bio\">Oblasti specijalizacije: radno pravo, intelektualna svojina, privredno pravo<\/p>\n\n\n\n<p class=\"people_more\"><a href=\"https:\/\/ctlegal.rs\/sr\/people\/jovana-tomic\/\">Biografija<\/a><\/p>\n<\/div>\n\n\n\n<div class=\"wp-block-column is-layout-flow wp-block-column-is-layout-flow\" style=\"flex-basis:60%\">\n<div style=\"height:90px\" aria-hidden=\"true\" class=\"wp-block-spacer hide_on_mobile\"><\/div>\n\n\n\n<figure class=\"wp-block-image size-full is-resized animation_right\"><img loading=\"lazy\" decoding=\"async\" width=\"800\" height=\"800\" src=\"https:\/\/ctlegal.rs\/wp-content\/uploads\/2024\/12\/jovana_tomic_intro2.jpg\" alt=\"Jovana Tomic\" class=\"wp-image-1713\" srcset=\"https:\/\/ctlegal.rs\/wp-content\/uploads\/2024\/12\/jovana_tomic_intro2.jpg 800w, https:\/\/ctlegal.rs\/wp-content\/uploads\/2024\/12\/jovana_tomic_intro2-300x300.jpg 300w, https:\/\/ctlegal.rs\/wp-content\/uploads\/2024\/12\/jovana_tomic_intro2-150x150.jpg 150w, https:\/\/ctlegal.rs\/wp-content\/uploads\/2024\/12\/jovana_tomic_intro2-768x768.jpg 768w, https:\/\/ctlegal.rs\/wp-content\/uploads\/2024\/12\/jovana_tomic_intro2-12x12.jpg 12w\" sizes=\"auto, (max-width: 800px) 100vw, 800px\" \/><\/figure>\n<\/div>\n<\/div>\n\n\n\n<div style=\"height:125px\" aria-hidden=\"true\" class=\"wp-block-spacer line_left maxwidth760 people_row\"><\/div>\n\n\n\n<div class=\"wp-block-columns maxwidth760 people_row is-layout-flex wp-container-core-columns-is-layout-9d6595d7 wp-block-columns-is-layout-flex\">\n<div class=\"wp-block-column marginleft0 is-layout-flow wp-block-column-is-layout-flow\" style=\"flex-basis:60%\">\n<div style=\"height:90px\" aria-hidden=\"true\" class=\"wp-block-spacer\"><\/div>\n\n\n\n<figure class=\"wp-block-image size-full is-resized animation_left\"><img loading=\"lazy\" decoding=\"async\" width=\"800\" height=\"800\" src=\"https:\/\/ctlegal.rs\/wp-content\/uploads\/2025\/05\/anita_cakovic_intro3.jpg\" alt=\"Anita Cakovic\" class=\"wp-image-1781\" srcset=\"https:\/\/ctlegal.rs\/wp-content\/uploads\/2025\/05\/anita_cakovic_intro3.jpg 800w, https:\/\/ctlegal.rs\/wp-content\/uploads\/2025\/05\/anita_cakovic_intro3-300x300.jpg 300w, https:\/\/ctlegal.rs\/wp-content\/uploads\/2025\/05\/anita_cakovic_intro3-150x150.jpg 150w, https:\/\/ctlegal.rs\/wp-content\/uploads\/2025\/05\/anita_cakovic_intro3-768x768.jpg 768w, https:\/\/ctlegal.rs\/wp-content\/uploads\/2025\/05\/anita_cakovic_intro3-12x12.jpg 12w\" sizes=\"auto, (max-width: 800px) 100vw, 800px\" \/><\/figure>\n<\/div>\n\n\n\n<div class=\"wp-block-column paddingleft50 people_col2 animation_fade is-layout-flow wp-block-column-is-layout-flow\" style=\"flex-basis:40%\">\n<h2 class=\"wp-block-heading people_name\" id=\"anitacakovic\">Anita<br>Cakovi\u0107<\/h2>\n\n\n\n<p class=\"people_position\">SENIOR PARTNER<\/p>\n\n\n\n<p class=\"people_bio\">Oblasti specijalizacije: privredno pravo, bankarstvo i finansije, za\u0161tita podataka o li\u010dnosti<\/p>\n\n\n\n<p class=\"people_more\"><a href=\"https:\/\/ctlegal.rs\/sr\/people\/anita-cakovic\/\">Biografija<\/a><\/p>\n<\/div>\n<\/div>\n\n\n\n<div style=\"height:125px\" aria-hidden=\"true\" class=\"wp-block-spacer line_right maxwidth760 people_row\"><\/div>\n\n\n\n<div class=\"wp-block-columns maxwidth760 people_row margintop100mobile is-layout-flex wp-container-core-columns-is-layout-9d6595d7 wp-block-columns-is-layout-flex\">\n<div class=\"wp-block-column paddingleft50 people_col3 animation_fade is-layout-flow wp-block-column-is-layout-flow\" style=\"flex-basis:40%\">\n<h2 class=\"wp-block-heading people_name absolute_name\" id=\"kristinamiladinovic\">Milena<br>Radulovi\u0107<\/h2>\n\n\n\n<div style=\"height:105px\" aria-hidden=\"true\" class=\"wp-block-spacer\"><\/div>\n\n\n\n<p class=\"people_position\">Partner<\/p>\n\n\n\n<p class=\"people_bio\">Oblasti specijalizacije: bankarstvo i finansije, pravo energetike, ste\u010dajno pravo<\/p>\n\n\n\n<p class=\"people_more\"><a href=\"https:\/\/ctlegal.rs\/sr\/people\/milena-radulovic\/\" data-type=\"page\" data-id=\"1547\">Biografija<\/a><\/p>\n<\/div>\n\n\n\n<div class=\"wp-block-column is-layout-flow wp-block-column-is-layout-flow\" style=\"flex-basis:60%\">\n<div style=\"height:130px\" aria-hidden=\"true\" class=\"wp-block-spacer hide_on_mobile\"><\/div>\n\n\n\n<figure class=\"wp-block-image size-full is-resized animation_right\"><img loading=\"lazy\" decoding=\"async\" width=\"800\" height=\"800\" src=\"https:\/\/ctlegal.rs\/wp-content\/uploads\/2024\/12\/milena_radulovic_intro2.jpg\" alt=\"Milena Radulovic\" class=\"wp-image-1717\" srcset=\"https:\/\/ctlegal.rs\/wp-content\/uploads\/2024\/12\/milena_radulovic_intro2.jpg 800w, https:\/\/ctlegal.rs\/wp-content\/uploads\/2024\/12\/milena_radulovic_intro2-300x300.jpg 300w, https:\/\/ctlegal.rs\/wp-content\/uploads\/2024\/12\/milena_radulovic_intro2-150x150.jpg 150w, https:\/\/ctlegal.rs\/wp-content\/uploads\/2024\/12\/milena_radulovic_intro2-768x768.jpg 768w, https:\/\/ctlegal.rs\/wp-content\/uploads\/2024\/12\/milena_radulovic_intro2-12x12.jpg 12w\" sizes=\"auto, (max-width: 800px) 100vw, 800px\" \/><\/figure>\n<\/div>\n<\/div>\n\n\n\n<div style=\"height:125px\" aria-hidden=\"true\" class=\"wp-block-spacer line_right maxwidth760 people_row\"><\/div>\n\n\n\n<div class=\"wp-block-columns maxwidth760 people_row is-layout-flex wp-container-core-columns-is-layout-9d6595d7 wp-block-columns-is-layout-flex\">\n<div class=\"wp-block-column marginleft0 is-layout-flow wp-block-column-is-layout-flow\" style=\"flex-basis:60%\">\n<div style=\"height:90px\" aria-hidden=\"true\" class=\"wp-block-spacer\"><\/div>\n\n\n\n<figure class=\"wp-block-image size-full is-resized animation_left\"><img loading=\"lazy\" decoding=\"async\" width=\"800\" height=\"800\" src=\"https:\/\/ctlegal.rs\/wp-content\/uploads\/2024\/12\/jovana_jovanovic_intro2.jpg\" alt=\"Jovana Jovanovic\" class=\"wp-image-1719\" srcset=\"https:\/\/ctlegal.rs\/wp-content\/uploads\/2024\/12\/jovana_jovanovic_intro2.jpg 800w, https:\/\/ctlegal.rs\/wp-content\/uploads\/2024\/12\/jovana_jovanovic_intro2-300x300.jpg 300w, https:\/\/ctlegal.rs\/wp-content\/uploads\/2024\/12\/jovana_jovanovic_intro2-150x150.jpg 150w, https:\/\/ctlegal.rs\/wp-content\/uploads\/2024\/12\/jovana_jovanovic_intro2-768x768.jpg 768w, https:\/\/ctlegal.rs\/wp-content\/uploads\/2024\/12\/jovana_jovanovic_intro2-12x12.jpg 12w\" sizes=\"auto, (max-width: 800px) 100vw, 800px\" \/><\/figure>\n<\/div>\n\n\n\n<div class=\"wp-block-column paddingleft40 people_col4 animation_fade is-layout-flow wp-block-column-is-layout-flow\" style=\"flex-basis:40%\">\n<h2 class=\"wp-block-heading people_name\" id=\"anitacakovic\">Jovana<br>Jovanovi\u0107<\/h2>\n\n\n\n<p class=\"people_position\">Advokat<\/p>\n\n\n\n<p class=\"people_bio\">Oblasti specijalizacije: radno pravo, porodi\u010dno pravo, nasledno pravo<\/p>\n\n\n\n<p class=\"people_more\"><a href=\"https:\/\/ctlegal.rs\/sr\/people\/jovana-jovanovic\/\">Biografija<\/a><\/p>\n<\/div>\n<\/div>\n\n\n\n<div style=\"height:125px\" aria-hidden=\"true\" class=\"wp-block-spacer line_left maxwidth760 people_row\"><\/div>\n\n\n\n<div class=\"wp-block-columns maxwidth760 people_row is-layout-flex wp-container-core-columns-is-layout-9d6595d7 wp-block-columns-is-layout-flex\">\n<div class=\"wp-block-column people_col5 paddingleft30 animation_fade is-layout-flow wp-block-column-is-layout-flow\" style=\"flex-basis:40%\">\n<h2 class=\"wp-block-heading people_name\" id=\"bjankabradic\">Marina<br>Mihailovi\u0107<\/h2>\n\n\n\n<p class=\"people_position\">Advokat<\/p>\n\n\n\n<p class=\"people_bio\">Oblasti specijalizacije: pravo nepokretnosti i gra\u0111enja, ugovorno pravo, parnica<\/p>\n\n\n\n<p class=\"people_more\"><a href=\"https:\/\/ctlegal.rs\/sr\/people\/marina-mihailovic\/\" data-type=\"page\" data-id=\"1351\">Biografija<\/a><\/p>\n<\/div>\n\n\n\n<div class=\"wp-block-column marginleft0 is-layout-flow wp-block-column-is-layout-flow\" style=\"flex-basis:60%\">\n<div style=\"height:90px\" aria-hidden=\"true\" class=\"wp-block-spacer\"><\/div>\n\n\n\n<figure class=\"wp-block-image size-full is-resized animation_left\"><img loading=\"lazy\" decoding=\"async\" width=\"800\" height=\"800\" src=\"https:\/\/ctlegal.rs\/wp-content\/uploads\/2024\/12\/marina_mihailovic_intro2.jpg\" alt=\"Marina Mihailovic\" class=\"wp-image-1745\" srcset=\"https:\/\/ctlegal.rs\/wp-content\/uploads\/2024\/12\/marina_mihailovic_intro2.jpg 800w, https:\/\/ctlegal.rs\/wp-content\/uploads\/2024\/12\/marina_mihailovic_intro2-300x300.jpg 300w, https:\/\/ctlegal.rs\/wp-content\/uploads\/2024\/12\/marina_mihailovic_intro2-150x150.jpg 150w, https:\/\/ctlegal.rs\/wp-content\/uploads\/2024\/12\/marina_mihailovic_intro2-768x768.jpg 768w, https:\/\/ctlegal.rs\/wp-content\/uploads\/2024\/12\/marina_mihailovic_intro2-12x12.jpg 12w\" sizes=\"auto, (max-width: 800px) 100vw, 800px\" \/><\/figure>\n<\/div>\n<\/div>\n\n\n\n<div style=\"height:125px\" aria-hidden=\"true\" class=\"wp-block-spacer line_right maxwidth760 people_row\"><\/div>\n\n\n\n<div class=\"wp-block-columns maxwidth760 people_row margintop100mobile is-layout-flex wp-container-core-columns-is-layout-9d6595d7 wp-block-columns-is-layout-flex\">\n<div class=\"wp-block-column is-layout-flow wp-block-column-is-layout-flow\" style=\"flex-basis:60%\">\n<div style=\"height:130px\" aria-hidden=\"true\" class=\"wp-block-spacer hide_on_mobile\"><\/div>\n\n\n\n<figure class=\"wp-block-image size-full is-resized animation_right\"><img loading=\"lazy\" decoding=\"async\" width=\"800\" height=\"800\" src=\"https:\/\/ctlegal.rs\/wp-content\/uploads\/2024\/12\/kristina_miladinovic_intro2.jpg\" alt=\"Kristina Miladinovic\" class=\"wp-image-1743\" srcset=\"https:\/\/ctlegal.rs\/wp-content\/uploads\/2024\/12\/kristina_miladinovic_intro2.jpg 800w, https:\/\/ctlegal.rs\/wp-content\/uploads\/2024\/12\/kristina_miladinovic_intro2-300x300.jpg 300w, https:\/\/ctlegal.rs\/wp-content\/uploads\/2024\/12\/kristina_miladinovic_intro2-150x150.jpg 150w, https:\/\/ctlegal.rs\/wp-content\/uploads\/2024\/12\/kristina_miladinovic_intro2-768x768.jpg 768w, https:\/\/ctlegal.rs\/wp-content\/uploads\/2024\/12\/kristina_miladinovic_intro2-12x12.jpg 12w\" sizes=\"auto, (max-width: 800px) 100vw, 800px\" \/><\/figure>\n<\/div>\n\n\n\n<div class=\"wp-block-column people_col4 animation_fade is-layout-flow wp-block-column-is-layout-flow\" style=\"flex-basis:40%\">\n<h2 class=\"wp-block-heading people_name absolute_name\" id=\"kristinamiladinovic\">Kristina<br>Miladinovi\u0107<\/h2>\n\n\n\n<div style=\"height:130px\" aria-hidden=\"true\" class=\"wp-block-spacer\"><\/div>\n\n\n\n<p class=\"people_position\">Advokat<\/p>\n\n\n\n<p class=\"people_bio\">Oblasti specijalizacije: imigraciono pravo i pravo stranaca, radno pravo, javne nabavke<\/p>\n\n\n\n<p class=\"people_more\"><a href=\"https:\/\/ctlegal.rs\/sr\/people\/kristina-miladinovic\/\" data-type=\"page\" data-id=\"1354\">Biografija<\/a><\/p>\n<\/div>\n<\/div>\n\n\n\n<div style=\"height:125px\" aria-hidden=\"true\" class=\"wp-block-spacer line_left maxwidth760 people_row\"><\/div>\n\n\n\n<div class=\"wp-block-columns maxwidth760 people_row is-layout-flex wp-container-core-columns-is-layout-9d6595d7 wp-block-columns-is-layout-flex\">\n<div class=\"wp-block-column people_col7 animation_fade is-layout-flow wp-block-column-is-layout-flow\" style=\"flex-basis:40%\">\n<h2 class=\"wp-block-heading people_name\" id=\"bjankabradic\">Milo\u0161 Lazarevi\u0107<\/h2>\n\n\n\n<p class=\"people_position\">Advokatski pripravnik<\/p>\n\n\n\n<p class=\"people_more\"><a href=\"https:\/\/ctlegal.rs\/sr\/people\/milos-lazarevic\/\" data-type=\"page\" data-id=\"1351\">Biografija<\/a><\/p>\n<\/div>\n\n\n\n<div class=\"wp-block-column marginleft0 is-layout-flow wp-block-column-is-layout-flow\" style=\"flex-basis:60%\">\n<div style=\"height:90px\" aria-hidden=\"true\" class=\"wp-block-spacer\"><\/div>\n\n\n\n<figure class=\"wp-block-image size-full is-resized animation_left\"><img loading=\"lazy\" decoding=\"async\" width=\"800\" height=\"800\" src=\"https:\/\/ctlegal.rs\/wp-content\/uploads\/2024\/12\/milos_lazarevic_intro3.jpg\" alt=\"Milos Lazarevic\" class=\"wp-image-1724\" srcset=\"https:\/\/ctlegal.rs\/wp-content\/uploads\/2024\/12\/milos_lazarevic_intro3.jpg 800w, https:\/\/ctlegal.rs\/wp-content\/uploads\/2024\/12\/milos_lazarevic_intro3-300x300.jpg 300w, https:\/\/ctlegal.rs\/wp-content\/uploads\/2024\/12\/milos_lazarevic_intro3-150x150.jpg 150w, https:\/\/ctlegal.rs\/wp-content\/uploads\/2024\/12\/milos_lazarevic_intro3-768x768.jpg 768w, https:\/\/ctlegal.rs\/wp-content\/uploads\/2024\/12\/milos_lazarevic_intro3-12x12.jpg 12w\" sizes=\"auto, (max-width: 800px) 100vw, 800px\" \/><\/figure>\n<\/div>\n<\/div>\n\n\n\n<div style=\"height:125px\" aria-hidden=\"true\" class=\"wp-block-spacer line_right maxwidth760 people_row\"><\/div>\n\n\n\n<div class=\"wp-block-columns maxwidth760 people_row margintop100mobile is-layout-flex wp-container-core-columns-is-layout-9d6595d7 wp-block-columns-is-layout-flex\">\n<div class=\"wp-block-column is-layout-flow wp-block-column-is-layout-flow\" style=\"flex-basis:60%\">\n<div style=\"height:130px\" aria-hidden=\"true\" class=\"wp-block-spacer hide_on_mobile\"><\/div>\n\n\n\n<figure class=\"wp-block-image size-full is-resized animation_right\"><img loading=\"lazy\" decoding=\"async\" width=\"800\" height=\"800\" src=\"https:\/\/ctlegal.rs\/wp-content\/uploads\/2024\/12\/stevan_stojadinovic_intro.jpg\" alt=\"Stevan Stojadinovic\" class=\"wp-image-1727\" srcset=\"https:\/\/ctlegal.rs\/wp-content\/uploads\/2024\/12\/stevan_stojadinovic_intro.jpg 800w, https:\/\/ctlegal.rs\/wp-content\/uploads\/2024\/12\/stevan_stojadinovic_intro-300x300.jpg 300w, https:\/\/ctlegal.rs\/wp-content\/uploads\/2024\/12\/stevan_stojadinovic_intro-150x150.jpg 150w, https:\/\/ctlegal.rs\/wp-content\/uploads\/2024\/12\/stevan_stojadinovic_intro-768x768.jpg 768w, https:\/\/ctlegal.rs\/wp-content\/uploads\/2024\/12\/stevan_stojadinovic_intro-12x12.jpg 12w\" sizes=\"auto, (max-width: 800px) 100vw, 800px\" \/><\/figure>\n<\/div>\n\n\n\n<div class=\"wp-block-column people_col4 animation_fade is-layout-flow wp-block-column-is-layout-flow\" style=\"flex-basis:40%\">\n<h2 class=\"wp-block-heading people_name absolute_name\" id=\"kristinamiladinovic\">Stevan<br>Stojadinovi\u0107<\/h2>\n\n\n\n<div style=\"height:105px\" aria-hidden=\"true\" class=\"wp-block-spacer\"><\/div>\n\n\n\n<p class=\"people_position\">Advokatski pripravnik<\/p>\n\n\n\n<p class=\"people_more\"><a href=\"https:\/\/ctlegal.rs\/sr\/people\/stevan-stojadinovic\/\" data-type=\"page\" data-id=\"1354\">Biografija<\/a><\/p>\n<\/div>\n<\/div>\n\n\n\n<div style=\"height:85px\" aria-hidden=\"true\" class=\"wp-block-spacer\"><\/div>\n\n\n\n<div style=\"height:85px\" aria-hidden=\"true\" class=\"wp-block-spacer vertical_line marginbottom40\"><\/div>\n\n\n\n<h3 class=\"wp-block-heading has-text-align-center\" id=\"join-our-team\">POSTANI DEO TIMA<\/h3>\n\n\n\n<div style=\"height:85px\" aria-hidden=\"true\" class=\"wp-block-spacer vertical_line marginbottom40\"><\/div>\n\n\n\n<div style=\"height:30px\" aria-hidden=\"true\" class=\"wp-block-spacer\"><\/div>\n\n\n\n<div class=\"wp-block-buttons is-horizontal is-content-justification-center is-layout-flex wp-container-core-buttons-is-layout-499968f5 wp-block-buttons-is-layout-flex\">\n<div class=\"wp-block-button\"><a class=\"wp-block-button__link has-color-2-background-color has-background no-border-radius wp-element-button\" href=\"https:\/\/ctlegal.rs\/sr\/contact-us\/\">Kontakt<\/a><\/div>\n<\/div>\n\n\n\n<div class=\"wp-block-columns alignfull is-layout-flex wp-container-core-columns-is-layout-9d6595d7 wp-block-columns-is-layout-flex\">\n<div class=\"wp-block-column is-layout-flow wp-block-column-is-layout-flow\"><div class=\"wp-block-image is-resized backtop marginright30 margintop30neg\">\n<figure class=\"alignright size-large\"><a href=\"#toprow\"><img loading=\"lazy\" decoding=\"async\" width=\"115\" height=\"115\" src=\"https:\/\/ctlegal.rs\/wp-content\/uploads\/2021\/04\/top.png\" alt=\"Top\" class=\"wp-image-868\" style=\"object-fit:cover;width:57px;height:57px\"\/><\/a><\/figure>\n<\/div>\n\n\n<p><\/p>\n<\/div>\n<\/div>","protected":false},"excerpt":{"rendered":"<p>Our attorneys have significant experience in representing and providing legal services to local as well as international clients in all fields of business from company formation, corporate governance, M&amp;A, employment, dispute resolution, intellectual property, competition, personal data protection etc. Members of our team have been building their careers in both, law firms and economic sector [&hellip;]<\/p>","protected":false},"author":1,"featured_media":0,"parent":0,"menu_order":0,"comment_status":"closed","ping_status":"closed","template":"","meta":{"footnotes":""},"class_list":["post-1138","page","type-page","status-publish","hentry"],"_links":{"self":[{"href":"https:\/\/ctlegal.rs\/sr\/wp-json\/wp\/v2\/pages\/1138","targetHints":{"allow":["GET"]}}],"collection":[{"href":"https:\/\/ctlegal.rs\/sr\/wp-json\/wp\/v2\/pages"}],"about":[{"href":"https:\/\/ctlegal.rs\/sr\/wp-json\/wp\/v2\/types\/page"}],"author":[{"embeddable":true,"href":"https:\/\/ctlegal.rs\/sr\/wp-json\/wp\/v2\/users\/1"}],"replies":[{"embeddable":true,"href":"https:\/\/ctlegal.rs\/sr\/wp-json\/wp\/v2\/comments?post=1138"}],"version-history":[{"count":247,"href":"https:\/\/ctlegal.rs\/sr\/wp-json\/wp\/v2\/pages\/1138\/revisions"}],"predecessor-version":[{"id":1795,"href":"https:\/\/ctlegal.rs\/sr\/wp-json\/wp\/v2\/pages\/1138\/revisions\/1795"}],"wp:attachment":[{"href":"https:\/\/ctlegal.rs\/sr\/wp-json\/wp\/v2\/media?parent=1138"}],"curies":[{"name":"wp","href":"https:\/\/api.w.org\/{rel}","templated":true}]}}