{"id":1304,"date":"2021-05-10T09:31:54","date_gmt":"2021-05-10T09:31:54","guid":{"rendered":"https:\/\/ctlegal.rs\/?page_id=1304"},"modified":"2024-12-17T12:11:56","modified_gmt":"2024-12-17T12:11:56","slug":"jovana-tomic","status":"publish","type":"page","link":"https:\/\/ctlegal.rs\/sr\/people\/jovana-tomic\/","title":{"rendered":"Tim"},"content":{"rendered":"<h1 class=\"wp-block-heading people_name_head\">Jovana Tomi\u0107<\/h1>\n\n\n\n<h3 class=\"wp-block-heading has-text-align-center\">Senior Partner <mark style=\"background-color:rgba(0, 0, 0, 0)\" class=\"has-inline-color has-color-1-color\">\/<\/mark> Advokat<\/h3>\n\n\n\n<p>Jovana je jedan od osniva\u010da advokatske kancelarije CT Legal. Od 2005. god. bavi se advokaturom u oblastima radnog prava, intelektualne svojine, zapo\u0161ljavanju stranaca, poreskog i privrednog prava. Jovana pru\u017ea sveobuhvatnu pravnu podr\u0161ku u oblasti radnog prava uklju\u010duju\u0107i savetovanje u postupku zaklju\u010divanja kolektivnih ugovora i pregovora sa reprezentativnim sindikatima, zastupa klijente u postupcima zabrane zlostavljanja na radu, savetuje u procesu organizacionih promena, pru\u017ea kompletnu pravnu podr\u0161ku u tuma\u010denju i sprovo\u0111enju radno pravnih propisa, u M&amp;A transakcijama i u\u010destvuje u kreiranju i realizaciji HR projekata. Njeni klijenti su najve\u0107e doma\u0107e i inostrane kompanije koje posluju u Srbiji.<\/p>\n\n\n\n<p>Jovana je aktivna u radu Odbora za radno pravo Ameri\u010dke privredne komore i organizuje, vodi i u\u010destvuje na brojnim predavanjima na temu radno pravnog zakonodavstva u Srbiji. Kao predsednik Odbora za radno pravo Ameri\u010dke privredne komore u Srbiji bila je anga\u017eovana na predlozima za izmene i dopune Zakona o radu. Jovana je bila \u010dlanica Employment Law Alliance (ELA), <a href=\"https:\/\/www.ela.law\/\">https:\/\/www.ela.law\/<\/a>, najve\u0107e globalne mre\u017ee advokata za radno i imigraciono pravo. Veliki broj me\u0111unarodno priznatih organizacija koje se bave istra\u017eivanjem pravne prakse u Srbiji, na ra\u010dun njenog rada objavile su brojne preporuke zadovoljnih klijenata, kako stranih tako i doma\u0107ih.<\/p>\n\n\n\n<p>Jovana Tomi\u0107 je u oblasti radnog prava rangirana u okviru Band 3 prema istra\u017eivanju CHAMBERS &amp; PARTNERS<\/p>\n\n\n\n<p>(<a href=\"https:\/\/chambers.com\/guide\/europe?publicationTypeGroupId=7&amp;practiceAreaId=23&amp;subsectionTypeId=1&amp;locationId=185\">https:\/\/chambers.com\/guide\/europe?publicationTypeGroupId=7&amp;practiceAreaId=23&amp;subsectionTypeId=1&amp;locationId=185<\/a>), a tako\u0111e aktivno u\u010destvuje u projektima Svetske banke <a href=\"https:\/\/openknowledge.worldbank.org\/bitstream\/handle\/10986\/32639\/9781464815324.pdf?sequence=10\">https:\/\/openknowledge.worldbank.org\/bitstream\/handle\/10986\/32639\/9781464815324.pdf?sequence=10<\/a>).<\/p>\n\n\n\n<p>Jovana te\u010dno govori engleski jezik.<\/p>\n\n\n\n<h3 class=\"wp-block-heading\">\u010clanstva<\/h3>\n\n\n\n<p>Advokatska komora Beograda<br>Advokatska komora Srbije<br>AmCham Serbia<\/p>\n\n\n\n<h3 class=\"wp-block-heading\">Obrazovanje<\/h3>\n\n\n\n<p>2004, Pravni fakultet Univerziteta u Beogradu<br>2007, Pravosudni ispit<\/p>\n\n\n\n<p>+381 11 411 66 55<br><a href=\"mailto:jovana.tomic@ctlegal.rs\">jovana.tomic@ctlegal.rs<\/a>&nbsp;<\/p>\n\n\n\n<div class=\"go_back\"><a href=\"javascript:history.back()\">&lt; NAZAD NA TIM<\/a><\/div>\n\n\n\n<div style=\"height:50px\" aria-hidden=\"true\" class=\"wp-block-spacer\"><\/div>","protected":false},"excerpt":{"rendered":"<p>Jovana Tomi\u0107 Senior Partner \/ Attorney at Law Jovana is one of the founders of the law firm CT Legal. Since 2005 she has been practicing law in the field of Employment, Intellectual Property, Employment of Foreigners, Tax Law and Corporate &amp; Commercial. Jovana provides comprehensive legal support in the area of employment, including advising [&hellip;]<\/p>","protected":false},"author":1,"featured_media":1757,"parent":1138,"menu_order":0,"comment_status":"closed","ping_status":"closed","template":"","meta":{"footnotes":""},"class_list":["post-1304","page","type-page","status-publish","has-post-thumbnail","hentry"],"_links":{"self":[{"href":"https:\/\/ctlegal.rs\/sr\/wp-json\/wp\/v2\/pages\/1304","targetHints":{"allow":["GET"]}}],"collection":[{"href":"https:\/\/ctlegal.rs\/sr\/wp-json\/wp\/v2\/pages"}],"about":[{"href":"https:\/\/ctlegal.rs\/sr\/wp-json\/wp\/v2\/types\/page"}],"author":[{"embeddable":true,"href":"https:\/\/ctlegal.rs\/sr\/wp-json\/wp\/v2\/users\/1"}],"replies":[{"embeddable":true,"href":"https:\/\/ctlegal.rs\/sr\/wp-json\/wp\/v2\/comments?post=1304"}],"version-history":[{"count":21,"href":"https:\/\/ctlegal.rs\/sr\/wp-json\/wp\/v2\/pages\/1304\/revisions"}],"predecessor-version":[{"id":1758,"href":"https:\/\/ctlegal.rs\/sr\/wp-json\/wp\/v2\/pages\/1304\/revisions\/1758"}],"up":[{"embeddable":true,"href":"https:\/\/ctlegal.rs\/sr\/wp-json\/wp\/v2\/pages\/1138"}],"wp:featuredmedia":[{"embeddable":true,"href":"https:\/\/ctlegal.rs\/sr\/wp-json\/wp\/v2\/media\/1757"}],"wp:attachment":[{"href":"https:\/\/ctlegal.rs\/sr\/wp-json\/wp\/v2\/media?parent=1304"}],"curies":[{"name":"wp","href":"https:\/\/api.w.org\/{rel}","templated":true}]}}