{"id":1322,"date":"2021-05-10T10:56:11","date_gmt":"2021-05-10T10:56:11","guid":{"rendered":"https:\/\/ctlegal.rs\/?page_id=1322"},"modified":"2025-05-21T10:16:17","modified_gmt":"2025-05-21T10:16:17","slug":"anita-cakovic","status":"publish","type":"page","link":"https:\/\/ctlegal.rs\/sr\/people\/anita-cakovic\/","title":{"rendered":"Tim"},"content":{"rendered":"<h1 class=\"wp-block-heading people_name_head\">Anita Cakovi\u0107<\/h1>\n\n\n\n<h3 class=\"wp-block-heading has-text-align-center\">Senior Partner <mark style=\"background-color:rgba(0, 0, 0, 0)\" class=\"has-inline-color has-color-1-color\">\/<\/mark> Advokat<\/h3>\n\n\n\n<p>Anita je jedan od osniva\u010da advokatske kancelarije CT Legal sa vi\u0161egodi\u0161njim iskustvom rada u advokaturi i bankarskom sektoru. Advokatsku karijeru je zapo\u010dela 2004.god. Poseduje zna\u010dajnu ekspertizu u oblasti korporativnog prava, M&amp;A, korporativnog upravljanja, za\u0161tite konkurencije, kompleksnih komercijalnih transakcija, programerskih ugovora. Anita je tako\u0111e u velikoj meri anga\u017eovana na pru\u017eanju pravne podr\u0161ke i tuma\u010denju regulatornog okvira za potrebe digitalizacije poslovanja svojih klijenata i rebrandinga, uklju\u010duju\u0107i vo\u0111enje i implementaciju projekata.<\/p>\n\n\n\n<p>Anita je iskusan regulatorni advokat sa \u0161irokim znanjem i ekspertizom u oblasti bankarstva i finansija. Ima zna\u010dajno iskustvo u savetovanju klijenata koji posluju u finansijskom sektoru i IT industriji.<\/p>\n\n\n\n<p>Anita se tako\u0111e specijalizovala u oblasti za\u0161tite li\u010dnih podataka i imenovana je kao Lice za za\u0161titu podataka o li\u010dnosti za vi\u0161e svojih klijenata.<\/p>\n\n\n\n<p>Te\u010dno govori engleski jezik.<\/p>\n\n\n\n<h3 class=\"wp-block-heading\">\u010clanstva<\/h3>\n\n\n\n<p>Advokatska komora Beograda<br>Advokatska komora Srbije<\/p>\n\n\n\n<h3 class=\"wp-block-heading\">Obrazovanje<\/h3>\n\n\n\n<p>2004, Pravni fakultet Univerziteta u Beogradu<br>2007, Pravosudni ispit<\/p>\n\n\n\n<p>+381 11 411 66 55<br><a href=\"mailto:anita.cakovic@ctlegal.rs\">anita.cakovic@ctlegal.rs<\/a><\/p>\n\n\n\n<div class=\"go_back\"><a href=\"javascript:history.back()\">&lt; NAZAD NA TIM<\/a><\/div>\n\n\n\n<div style=\"height:50px\" aria-hidden=\"true\" class=\"wp-block-spacer\"><\/div>","protected":false},"excerpt":{"rendered":"<p>Anita Cakovi\u0107 Senior Partner \/ Attorney at Law Anita is one of the founders of law firm CT Legal, with long-standing work experience in the advocacy and banking sector. She started her legal career in 2004. Anita has significant expertise in the field of Corporate and Commercial, mergers and acquisitions &#8211; M&amp;A, Corporate Governance, Competition, [&hellip;]<\/p>","protected":false},"author":1,"featured_media":1783,"parent":1138,"menu_order":0,"comment_status":"closed","ping_status":"closed","template":"","meta":{"footnotes":""},"class_list":["post-1322","page","type-page","status-publish","has-post-thumbnail","hentry"],"_links":{"self":[{"href":"https:\/\/ctlegal.rs\/sr\/wp-json\/wp\/v2\/pages\/1322","targetHints":{"allow":["GET"]}}],"collection":[{"href":"https:\/\/ctlegal.rs\/sr\/wp-json\/wp\/v2\/pages"}],"about":[{"href":"https:\/\/ctlegal.rs\/sr\/wp-json\/wp\/v2\/types\/page"}],"author":[{"embeddable":true,"href":"https:\/\/ctlegal.rs\/sr\/wp-json\/wp\/v2\/users\/1"}],"replies":[{"embeddable":true,"href":"https:\/\/ctlegal.rs\/sr\/wp-json\/wp\/v2\/comments?post=1322"}],"version-history":[{"count":9,"href":"https:\/\/ctlegal.rs\/sr\/wp-json\/wp\/v2\/pages\/1322\/revisions"}],"predecessor-version":[{"id":1621,"href":"https:\/\/ctlegal.rs\/sr\/wp-json\/wp\/v2\/pages\/1322\/revisions\/1621"}],"up":[{"embeddable":true,"href":"https:\/\/ctlegal.rs\/sr\/wp-json\/wp\/v2\/pages\/1138"}],"wp:featuredmedia":[{"embeddable":true,"href":"https:\/\/ctlegal.rs\/sr\/wp-json\/wp\/v2\/media\/1783"}],"wp:attachment":[{"href":"https:\/\/ctlegal.rs\/sr\/wp-json\/wp\/v2\/media?parent=1322"}],"curies":[{"name":"wp","href":"https:\/\/api.w.org\/{rel}","templated":true}]}}