{"id":1354,"date":"2021-05-10T12:12:31","date_gmt":"2021-05-10T12:12:31","guid":{"rendered":"https:\/\/ctlegal.rs\/?page_id=1354"},"modified":"2024-12-16T09:14:47","modified_gmt":"2024-12-16T09:14:47","slug":"kristina-miladinovic","status":"publish","type":"page","link":"https:\/\/ctlegal.rs\/sr\/people\/kristina-miladinovic\/","title":{"rendered":"Tim"},"content":{"rendered":"<h1 class=\"wp-block-heading people_name_head\">Kristina Miladinovi\u0107<\/h1>\n\n\n\n<h3 class=\"wp-block-heading has-text-align-center\">Advokatski pripravnik<\/h3>\n\n\n\n<p>Kristina je diplomirala na Pravnom fakultetu Univerziteta u Beogradu u februaru 2021. godine, nakon \u010dega je postala \u010dlan tima CT Legal i od tada se bavi advokaturom. Kristina pru\u017ea sveobuhvatnu pravnu podr\u0161ku u oblastima radnog prava, imigracionog prava, prava stranaca i javnih nabavki.<\/p>\n\n\n\n<p>Kristina se specijalizovala za pru\u017eanje kompletne pravne podr\u0161ke u oblasti radnog prava, uklju\u010duju\u0107i izradu dokumenata vezanih za radne odnose i zastupanje klijenata u sporovima pred sudovima. Tako\u0111e, ona ima zna\u010dajno iskustvo u savetovanju o postupcima utvr\u0111ivanja vi\u0161ka zaposlenih, procedurama otpu\u0161tanja, kao i u pregovorima izme\u0111u poslodavaca i zaposlenih radi re\u0161avanja radnih sporova. U oblastima imigracionog prava i prava stranaca, pru\u017ea stru\u010dno savetovanje o Jedinstvenim dozvolama, privremenom boravku stranaca, vizama, kao i uskla\u0111enosti sa relevantnim zakonodavstvom. Pored toga, savetuje u vezi sa ugovorima u javnom sektoru, procesima javnih nabavki i regulatornim uskla\u0111ivanjem, osiguravaju\u0107i da na\u0161i klijenti efikasno i sa minimizovanim pravnm rizikom obavljaju svoje poslovne aktivnosti. Kristina je radila na brojnim doma\u0107im i me\u0111unarodnim projektima, doprinose\u0107i analizama due diligence-a, izradi pravnih mi\u0161ljenja i strate\u0161kim re\u0161enjima za svoje klijente. Njena praksa uklju\u010duje upravljanje i izradu slo\u017eene pravne dokumentacije, pru\u017eanje strate\u0161kog pravnog savetovanja i smanjenje pravnih rizika u oblastima radnog prava, imigracionog prava i prava javnih nabavki.<\/p>\n\n\n\n<p>Kristina te\u010dno govori engleski jezik.<\/p>\n\n\n\n<h3 class=\"wp-block-heading\">\u010clanstva<\/h3>\n\n\n\n<p>Advokatska komora Beograda<br>Advokatska komora Srbije<\/p>\n\n\n\n<h3 class=\"wp-block-heading\">Obrazovanje<\/h3>\n\n\n\n<p>2021, Pravni fakultet Univerziteta u Beogradu<\/p>\n\n\n\n<p>+381 11 411 66 55<br><a href=\"mailto:kristina.miladinovic@ctlegal.rs\">kristina.miladinovic@ctlegal.rs<\/a><\/p>\n\n\n\n<div class=\"go_back\"><a href=\"javascript:history.back()\">&lt; NAZAD NA TIM<\/a><\/div>\n\n\n\n<div style=\"height:50px\" aria-hidden=\"true\" class=\"wp-block-spacer\"><\/div>","protected":false},"excerpt":{"rendered":"<p>Kristina Miladinovi\u0107 Trainee Attorney at Law Kristina graduated from the University of Belgrade Faculty of Law in February 2021 after which she has become a member of the CT Legal team and has been practicing law since then. Kristina provides comprehensive legal support in the fields of Employment Law, Migration Law and Public Procurement Law. [&hellip;]<\/p>","protected":false},"author":1,"featured_media":1742,"parent":1138,"menu_order":0,"comment_status":"closed","ping_status":"closed","template":"","meta":{"footnotes":""},"class_list":["post-1354","page","type-page","status-publish","has-post-thumbnail","hentry"],"_links":{"self":[{"href":"https:\/\/ctlegal.rs\/sr\/wp-json\/wp\/v2\/pages\/1354","targetHints":{"allow":["GET"]}}],"collection":[{"href":"https:\/\/ctlegal.rs\/sr\/wp-json\/wp\/v2\/pages"}],"about":[{"href":"https:\/\/ctlegal.rs\/sr\/wp-json\/wp\/v2\/types\/page"}],"author":[{"embeddable":true,"href":"https:\/\/ctlegal.rs\/sr\/wp-json\/wp\/v2\/users\/1"}],"replies":[{"embeddable":true,"href":"https:\/\/ctlegal.rs\/sr\/wp-json\/wp\/v2\/comments?post=1354"}],"version-history":[{"count":6,"href":"https:\/\/ctlegal.rs\/sr\/wp-json\/wp\/v2\/pages\/1354\/revisions"}],"predecessor-version":[{"id":1741,"href":"https:\/\/ctlegal.rs\/sr\/wp-json\/wp\/v2\/pages\/1354\/revisions\/1741"}],"up":[{"embeddable":true,"href":"https:\/\/ctlegal.rs\/sr\/wp-json\/wp\/v2\/pages\/1138"}],"wp:featuredmedia":[{"embeddable":true,"href":"https:\/\/ctlegal.rs\/sr\/wp-json\/wp\/v2\/media\/1742"}],"wp:attachment":[{"href":"https:\/\/ctlegal.rs\/sr\/wp-json\/wp\/v2\/media?parent=1354"}],"curies":[{"name":"wp","href":"https:\/\/api.w.org\/{rel}","templated":true}]}}