{"id":1516,"date":"2022-06-01T12:46:18","date_gmt":"2022-06-01T12:46:18","guid":{"rendered":"https:\/\/ctlegal.rs\/?page_id=1516"},"modified":"2024-12-16T09:47:33","modified_gmt":"2024-12-16T09:47:33","slug":"marina-mihailovic","status":"publish","type":"page","link":"https:\/\/ctlegal.rs\/sr\/people\/marina-mihailovic\/","title":{"rendered":"Tim"},"content":{"rendered":"<h1 class=\"wp-block-heading people_name_head\">Marina Mihailovi\u0107<\/h1>\n\n\n\n<h3 class=\"wp-block-heading has-text-align-center\">Advokat<\/h3>\n\n\n\n<p>Marina je diplomirala na Pravnom fakultetu Univerziteta u Beogradu u februaru 2020. godine sa prose\u010dnom ocenom 9,27 i od tada se bavi advokaturom. Nakon sticanja iskustva u jednoj drugoj uglednoj advokatskoj kancelariji u Beogradu i rada kod javnog bele\u017enika, pridru\u017eila se CT Legal timu 2022. godine. Marina pru\u017ea sveobuhvatnu pravnu podr\u0161ku u oblastima IT prava, nekretnina i gra\u0111evinarstva, ugovornog prava, kao i parnice.<\/p>\n\n\n\n<p>Marina se fokusira na prepoznavanje potencijalnih problema u ovim industrijama, uzimaju\u0107i u obzir razli\u010dite industrijske standarde i poslovne potrebe svojih klijenata, pri \u010demu je tako\u0111e aktivno uklju\u010dena u pregovore u pomenutim oblastima. Sa zna\u010dajnim iskustvom u izradi razli\u010ditih ugovora, Due Diligence-a, u pregovorima i regulatornoj uskla\u0111enosti, Marina je doprinela brojnim projektima i transakcijama, nude\u0107i pravne analize i savete od zna\u010daja za uspe\u0161no sprovo\u0111enje poslovnih strategija. Njen rad obuhvata upravljanje i pripremu slo\u017eene pravne dokumentacije, pru\u017eanje strate\u0161kih pravnih saveta i ubla\u017eavanje pravnih rizika u pomenutim sektorima.<\/p>\n\n\n\n<p>Pored toga, u\u010destvovala je kao predava\u010d na jednom istaknutom savetovanju u Srbiji, gde je objavljen njen rad na temu koja se bavi pitanjima kupoprodaje u oblasti nekretnina.<\/p>\n\n\n\n<p>Marina te\u010dno govori engleski jezik.<\/p>\n\n\n\n<h3 class=\"wp-block-heading\">\u010clanstva<\/h3>\n\n\n\n<p>Advokatska komora Beograda<br>Advokatska komora Srbije<\/p>\n\n\n\n<h3 class=\"wp-block-heading\">Obrazovanje<\/h3>\n\n\n\n<p>2020, Pravni fakultet Univerziteta u Beogradu<\/p>\n\n\n\n<p>+381 11 411 66 55<br><a rel=\"noreferrer noopener\" href=\"mailto:marina.mihailovic@ctlegal.rs\" target=\"_blank\">marina.mihailovic@ctlegal.rs<\/a><\/p>\n\n\n\n<div class=\"go_back\"><a href=\"javascript:history.back()\">&lt; NAZAD NA TIM<\/a><\/div>\n\n\n\n<div style=\"height:50px\" aria-hidden=\"true\" class=\"wp-block-spacer\"><\/div>","protected":false},"excerpt":{"rendered":"<p>Marina Mihailovi\u0107 Attorney at Law Marina graduated from the University of Belgrade Faculty of Law in February 2020 with a GPA of 9.27 and has been practicing law since then. After gaining experience at another prominent law firm in Belgrade and working with a notary public, she joined the CT Legal team in 2022. Marina [&hellip;]<\/p>","protected":false},"author":1,"featured_media":1747,"parent":1138,"menu_order":0,"comment_status":"closed","ping_status":"closed","template":"","meta":{"footnotes":""},"class_list":["post-1516","page","type-page","status-publish","has-post-thumbnail","hentry"],"_links":{"self":[{"href":"https:\/\/ctlegal.rs\/sr\/wp-json\/wp\/v2\/pages\/1516","targetHints":{"allow":["GET"]}}],"collection":[{"href":"https:\/\/ctlegal.rs\/sr\/wp-json\/wp\/v2\/pages"}],"about":[{"href":"https:\/\/ctlegal.rs\/sr\/wp-json\/wp\/v2\/types\/page"}],"author":[{"embeddable":true,"href":"https:\/\/ctlegal.rs\/sr\/wp-json\/wp\/v2\/users\/1"}],"replies":[{"embeddable":true,"href":"https:\/\/ctlegal.rs\/sr\/wp-json\/wp\/v2\/comments?post=1516"}],"version-history":[{"count":4,"href":"https:\/\/ctlegal.rs\/sr\/wp-json\/wp\/v2\/pages\/1516\/revisions"}],"predecessor-version":[{"id":1711,"href":"https:\/\/ctlegal.rs\/sr\/wp-json\/wp\/v2\/pages\/1516\/revisions\/1711"}],"up":[{"embeddable":true,"href":"https:\/\/ctlegal.rs\/sr\/wp-json\/wp\/v2\/pages\/1138"}],"wp:featuredmedia":[{"embeddable":true,"href":"https:\/\/ctlegal.rs\/sr\/wp-json\/wp\/v2\/media\/1747"}],"wp:attachment":[{"href":"https:\/\/ctlegal.rs\/sr\/wp-json\/wp\/v2\/media?parent=1516"}],"curies":[{"name":"wp","href":"https:\/\/api.w.org\/{rel}","templated":true}]}}