{"id":1547,"date":"2022-12-28T13:25:16","date_gmt":"2022-12-28T13:25:16","guid":{"rendered":"https:\/\/ctlegal.rs\/?page_id=1547"},"modified":"2024-12-17T12:14:13","modified_gmt":"2024-12-17T12:14:13","slug":"milena-radulovic","status":"publish","type":"page","link":"https:\/\/ctlegal.rs\/sr\/people\/milena-radulovic\/","title":{"rendered":"Tim"},"content":{"rendered":"<h1 class=\"wp-block-heading people_name_head\"><strong>Milena Radulovi\u0107<\/strong><\/h1>\n\n\n\n<h3 class=\"wp-block-heading has-text-align-center\">Partner <mark style=\"background-color:rgba(0, 0, 0, 0)\" class=\"has-inline-color has-color-1-color\">\/<\/mark> Advokat<\/h3>\n\n\n\n<p>Milena se pridru\u017eila timu CT Legal u novembru 2022. nakon \u0161to je prikupila dragoceno iskustvo u svojoj pre\u0111a\u0161njoj karijeri. Nakon kratkog pripravni\u010dkog perioda provedenog 2008. u renomiranoj advokatskoj kancelariji, Milena 2009. nastavlja svoju karijeru u bankarskom i finansijskom sektoru. U tom vremenskom periodu, stekla je zna\u010dajnu ekspertizu u oblasti finansijskog i bankarskog prava, uklju\u010duju\u0107i\u00a0 tuma\u010denje regulatornog okvira, u\u010destvovanje u komplikovanim finansijskim transakcijama, u oblasti za\u0161tite korisnika finansijskih usluga, deviznog poslovanja i platnih usluga.<\/p>\n\n\n\n<p>Milena se tako\u0111e specijalizovala u oblasti prava energetike (OIE), kao i ste\u010dajnog prava.<\/p>\n\n\n\n<p>Tokom 2012. Milena je stekla master diplomu na poslovno-pravnom modulu, na Pravnom fakultetu, Univerziteta u Beogradu, odbranom master teze \u201cPolo\u017eaj razlu\u010dnih poverilaca u ste\u010dajnom postupku\u201d.<\/p>\n\n\n\n<p>Te\u010dno govori engleski jezik.<\/p>\n\n\n\n<h3 class=\"wp-block-heading\">\u010clanstva<\/h3>\n\n\n\n<p>Advokatska komora Beograda<br>Advokatska komora Srbije<\/p>\n\n\n\n<h3 class=\"wp-block-heading\">Obrazovanje<\/h3>\n\n\n\n<p>2008, Osnovne studije, Pravni fakultet Univerziteta u Beogradu<br>2012, Master studije, Pravni fakultet Univerziteta u Beogradu<br>2016, Pravosudni ispit<\/p>\n\n\n\n<p>+381 11 411 66 55<br><a href=\"mailto:milena.radulovic@ctlegal.rs\">milena.radulovic@ctlegal.rs<\/a><\/p>\n\n\n\n<div class=\"go_back\"><a href=\"javascript:history.back()\">&lt; NAZAD NA TIM<\/a><\/div>\n\n\n\n<div style=\"height:50px\" aria-hidden=\"true\" class=\"wp-block-spacer\"><\/div>","protected":false},"excerpt":{"rendered":"<p>Milena Radulovi\u0107 Partner \/ Attorney at Law Milena joined CT Legal in November 2022 after gaining valuable experience in her prior career. Following a brief period as a law trainee in the reputable law office in 2008, Milena continued her career in banking and financial sector in 2009. During this period, she obtained significant expertise [&hellip;]<\/p>\n","protected":false},"author":1,"featured_media":1760,"parent":1138,"menu_order":0,"comment_status":"closed","ping_status":"closed","template":"","meta":{"footnotes":""},"class_list":["post-1547","page","type-page","status-publish","has-post-thumbnail","hentry"],"_links":{"self":[{"href":"https:\/\/ctlegal.rs\/sr\/wp-json\/wp\/v2\/pages\/1547","targetHints":{"allow":["GET"]}}],"collection":[{"href":"https:\/\/ctlegal.rs\/sr\/wp-json\/wp\/v2\/pages"}],"about":[{"href":"https:\/\/ctlegal.rs\/sr\/wp-json\/wp\/v2\/types\/page"}],"author":[{"embeddable":true,"href":"https:\/\/ctlegal.rs\/sr\/wp-json\/wp\/v2\/users\/1"}],"replies":[{"embeddable":true,"href":"https:\/\/ctlegal.rs\/sr\/wp-json\/wp\/v2\/comments?post=1547"}],"version-history":[{"count":7,"href":"https:\/\/ctlegal.rs\/sr\/wp-json\/wp\/v2\/pages\/1547\/revisions"}],"predecessor-version":[{"id":1641,"href":"https:\/\/ctlegal.rs\/sr\/wp-json\/wp\/v2\/pages\/1547\/revisions\/1641"}],"up":[{"embeddable":true,"href":"https:\/\/ctlegal.rs\/sr\/wp-json\/wp\/v2\/pages\/1138"}],"wp:featuredmedia":[{"embeddable":true,"href":"https:\/\/ctlegal.rs\/sr\/wp-json\/wp\/v2\/media\/1760"}],"wp:attachment":[{"href":"https:\/\/ctlegal.rs\/sr\/wp-json\/wp\/v2\/media?parent=1547"}],"curies":[{"name":"wp","href":"https:\/\/api.w.org\/{rel}","templated":true}]}}