{"id":1656,"date":"2024-05-31T06:58:12","date_gmt":"2024-05-31T06:58:12","guid":{"rendered":"https:\/\/ctlegal.rs\/?page_id=1656"},"modified":"2024-12-17T12:17:52","modified_gmt":"2024-12-17T12:17:52","slug":"milos-lazarevic","status":"publish","type":"page","link":"https:\/\/ctlegal.rs\/sr\/people\/milos-lazarevic\/","title":{"rendered":"Tim"},"content":{"rendered":"<h1 class=\"wp-block-heading people_name_head\">Milo\u0161 Lazarevi\u0107<\/h1>\n\n\n\n<h3 class=\"wp-block-heading has-text-align-center\">Advokatski pripravnik<\/h3>\n\n\n\n<p>Milo\u0161 je na Pravnom fakultetu Univerziteta u Beogradu diplomirao 2023. godine, sa prose\u010dnom ocenom 8,73. Za vreme studija poha\u0111ao je kurs pravne klinike za Upravno pravo, odr\u017eanog u saradnji sa GIZ-om. Po\u010detkom 2024. Godine postao je \u010dlan CT Legal tima. Milo\u0161 se specijalizuje u oblastima stvarnog i movinskog prava, kao i prava intelektualne svojine.<\/p>\n\n\n\n<p>Te\u010dno govori engleski jezik.<\/p>\n\n\n\n<h3 class=\"wp-block-heading\">\u010clanstva<\/h3>\n\n\n\n<p>Advokatska komora Beograda<br>Advokatska komora Srbije<\/p>\n\n\n\n<h3 class=\"wp-block-heading\">Obrazovanje<\/h3>\n\n\n\n<p>2023, Pravni fakultet Univerziteta u Beogradu<\/p>\n\n\n\n<p>+381 11 411 66 55<br><a href=\"mailto:milos.lazarevic@ctlegal.rs\" target=\"_blank\" rel=\"noreferrer noopener\"><a href=\"mailto:milos.lazarevic@ctlegal.rs\" target=\"_blank\" rel=\"noreferrer noopener\">milos.lazarevic@ctlegal.rs<\/a><\/a><\/p>\n\n\n\n<div class=\"go_back\"><a href=\"javascript:history.back()\">&lt; NAZAD NA TIM<\/a><\/div>\n\n\n\n<div style=\"height:50px\" aria-hidden=\"true\" class=\"wp-block-spacer\"><\/div>","protected":false},"excerpt":{"rendered":"<p>Milo\u0161 Lazarevi\u0107 Trainee Attorney at Law Milo\u0161 graduated from the Faculty of Law at the University of Belgrade in 2023, with an average grade of 8,73. During his studies, he took part in a legal clinic course focused on Administrative Law, held in partnership with GIZ. In early 2024, he became a member of the [&hellip;]<\/p>","protected":false},"author":1,"featured_media":1762,"parent":1138,"menu_order":0,"comment_status":"closed","ping_status":"closed","template":"","meta":{"footnotes":""},"class_list":["post-1656","page","type-page","status-publish","has-post-thumbnail","hentry"],"_links":{"self":[{"href":"https:\/\/ctlegal.rs\/sr\/wp-json\/wp\/v2\/pages\/1656","targetHints":{"allow":["GET"]}}],"collection":[{"href":"https:\/\/ctlegal.rs\/sr\/wp-json\/wp\/v2\/pages"}],"about":[{"href":"https:\/\/ctlegal.rs\/sr\/wp-json\/wp\/v2\/types\/page"}],"author":[{"embeddable":true,"href":"https:\/\/ctlegal.rs\/sr\/wp-json\/wp\/v2\/users\/1"}],"replies":[{"embeddable":true,"href":"https:\/\/ctlegal.rs\/sr\/wp-json\/wp\/v2\/comments?post=1656"}],"version-history":[{"count":1,"href":"https:\/\/ctlegal.rs\/sr\/wp-json\/wp\/v2\/pages\/1656\/revisions"}],"predecessor-version":[{"id":1658,"href":"https:\/\/ctlegal.rs\/sr\/wp-json\/wp\/v2\/pages\/1656\/revisions\/1658"}],"up":[{"embeddable":true,"href":"https:\/\/ctlegal.rs\/sr\/wp-json\/wp\/v2\/pages\/1138"}],"wp:featuredmedia":[{"embeddable":true,"href":"https:\/\/ctlegal.rs\/sr\/wp-json\/wp\/v2\/media\/1762"}],"wp:attachment":[{"href":"https:\/\/ctlegal.rs\/sr\/wp-json\/wp\/v2\/media?parent=1656"}],"curies":[{"name":"wp","href":"https:\/\/api.w.org\/{rel}","templated":true}]}}