{"id":1671,"date":"2024-10-01T07:33:11","date_gmt":"2024-10-01T07:33:11","guid":{"rendered":"https:\/\/ctlegal.rs\/?page_id=1671"},"modified":"2024-12-17T12:15:53","modified_gmt":"2024-12-17T12:15:53","slug":"jovana-jovanovic","status":"publish","type":"page","link":"https:\/\/ctlegal.rs\/sr\/people\/jovana-jovanovic\/","title":{"rendered":"Tim"},"content":{"rendered":"<h1 class=\"wp-block-heading people_name_head\"><strong>Jovana Jovanovi\u0107<\/strong><\/h1>\n\n\n\n<h3 class=\"wp-block-heading has-text-align-center\">Advokat<\/h3>\n\n\n\n<p>Jovana se pridru\u017eila timu CT Legal u septembru 2024. godine, nakon \u0161to je prethodno radila u\nMinistarstvu trgovine, turizma i telekomunikacija i u jednoj istaknutoj advokatskoj kancelariji u\nBeogradu. Od 2018. godine se bavi advokaturom i pru\u017ea pravne savete prvenstveno u oblasti\nradnog prava i u re\u0161avanju radno pravnih sudskih sporova, a profesionalno je orjentisana i na\noblast obligacionog, porodi\u010dnog i naslednog prava.<\/p>\n\n\n\n<p>Jovana je anga\u017eovana na pru\u017eanju pravne podr\u0161ke iz oblasti radnog prava koja se sastoji u izradi\ncelokupne radnopravne dokumentacije i zastupa klijente u postupcima pred sudovima, kao i u\npostupcima pregovaranja sa zaposlenima ili poslodavcima u vezi re\u0161avanja spornih\nradnopravnih pitanja. Jovana ima zna\u010dajno iskustvo u postupcima preme\u0161taja zaposlenih i\npostupcima prestanka radnog, a naro\u010dito u postupcima utvr\u0111ivanja vi\u0161ka zaposlenih i bila je\nanga\u017eovana kao deo tima na mnogim presti\u017enim inostranim i domac\u0301im projektima kao \u0161to su\nDue Diligence analiza i priprema pravnih mi\u0161ljenja. Jovana je bila \u010dlanica HR Odobora Saveta\nStranih Investitora (FIC).<\/p>\n\n\n\n<p>Te\u010dno govori engleski jezik.<\/p>\n\n\n\n<h3 class=\"wp-block-heading\">\u010clanstva<\/h3>\n\n\n\n<p>Advokatska komora Beograda<br>Advokatska komora Srbije<\/p>\n\n\n\n<h3 class=\"wp-block-heading\">Obrazovanje<\/h3>\n\n\n\n<p>2014, Osnovne studija, Pravni fakultet Univerziteta Megatrend<br>2016, Master studije, Pravnog fakulteta Univerziteta Megatrend<br>2020, Pravosudni ispit<\/p>\n\n\n\n<p>+381 11 411 66 55<br><a href=\"mailto:jovana.jovanovic@ctlegal.rs\">jovana.jovanovic@ctlegal.rs<\/a><\/p>\n\n\n\n<div class=\"go_back\"><a href=\"javascript:history.back()\">&lt; NAZAD NA TIM<\/a><\/div>\n\n\n\n<div style=\"height:50px\" aria-hidden=\"true\" class=\"wp-block-spacer\"><\/div>","protected":false},"excerpt":{"rendered":"<p>Jovana Jovanovi\u0107 Attorney at Law Jovana became a member of CT Legal team in September 2024, after previously working in the Ministry of Trade, Tourism and Telecommunications and in a prominent law firm in Belgrade. Since 2018, she has been practicing law and provides legal advice primarily in the field of labor law and in [&hellip;]<\/p>","protected":false},"author":1,"featured_media":1761,"parent":1138,"menu_order":0,"comment_status":"closed","ping_status":"closed","template":"","meta":{"footnotes":""},"class_list":["post-1671","page","type-page","status-publish","has-post-thumbnail","hentry"],"_links":{"self":[{"href":"https:\/\/ctlegal.rs\/sr\/wp-json\/wp\/v2\/pages\/1671","targetHints":{"allow":["GET"]}}],"collection":[{"href":"https:\/\/ctlegal.rs\/sr\/wp-json\/wp\/v2\/pages"}],"about":[{"href":"https:\/\/ctlegal.rs\/sr\/wp-json\/wp\/v2\/types\/page"}],"author":[{"embeddable":true,"href":"https:\/\/ctlegal.rs\/sr\/wp-json\/wp\/v2\/users\/1"}],"replies":[{"embeddable":true,"href":"https:\/\/ctlegal.rs\/sr\/wp-json\/wp\/v2\/comments?post=1671"}],"version-history":[{"count":1,"href":"https:\/\/ctlegal.rs\/sr\/wp-json\/wp\/v2\/pages\/1671\/revisions"}],"predecessor-version":[{"id":1673,"href":"https:\/\/ctlegal.rs\/sr\/wp-json\/wp\/v2\/pages\/1671\/revisions\/1673"}],"up":[{"embeddable":true,"href":"https:\/\/ctlegal.rs\/sr\/wp-json\/wp\/v2\/pages\/1138"}],"wp:featuredmedia":[{"embeddable":true,"href":"https:\/\/ctlegal.rs\/sr\/wp-json\/wp\/v2\/media\/1761"}],"wp:attachment":[{"href":"https:\/\/ctlegal.rs\/sr\/wp-json\/wp\/v2\/media?parent=1671"}],"curies":[{"name":"wp","href":"https:\/\/api.w.org\/{rel}","templated":true}]}}