{"id":1729,"date":"2024-12-16T08:57:24","date_gmt":"2024-12-16T08:57:24","guid":{"rendered":"https:\/\/ctlegal.rs\/?page_id=1729"},"modified":"2024-12-16T08:57:49","modified_gmt":"2024-12-16T08:57:49","slug":"stevan-stojadinovic","status":"publish","type":"page","link":"https:\/\/ctlegal.rs\/sr\/people\/stevan-stojadinovic\/","title":{"rendered":"Tim"},"content":{"rendered":"<h1 class=\"wp-block-heading people_name_head\">Stevan Stojadinovi\u0107<\/h1>\n\n\n\n<h3 class=\"wp-block-heading has-text-align-center\">Advokatski pripravnik<\/h3>\n\n\n\n<p>Stevan se pridru\u017eio CT Legal timu u oktobru 2024. godine, nakon \u0161to je zavr\u0161io studije na Pravnom fakultetu Univerziteta u Beogradu, gde je diplomirao iste godine.<\/p>\n\n\n\n<p>Tokom svog akademskog puta, Stevan je razvio interesovanje za gra\u0111ansko i privredno pravo.<\/p>\n\n\n\n<p>Stevan te\u010dno govori engleski jezik.<\/p>\n\n\n\n<h3 class=\"wp-block-heading\">\u010clanstva<\/h3>\n\n\n\n<p>Advokatska komora Beograda<br>Advokatska komora Srbije<\/p>\n\n\n\n<h3 class=\"wp-block-heading\">Obrazovanje<\/h3>\n\n\n\n<p>2024, Pravni fakultet Univerziteta u Beogradu<\/p>\n\n\n\n<p>+381 11 411 66 55<br><a href=\"mailto:Ilija.matijasevic@ctlegal.rs\"><\/a><a href=\"mailto:stevan.stojadinovic@ctlegal.rs\" target=\"_blank\" rel=\"noreferrer noopener\">stevan.stojadinovic@ctlegal.rs<\/a><\/p>\n\n\n\n<div class=\"go_back\"><a href=\"javascript:history.back()\">&lt; NAZAD NA TIM<\/a><\/div>\n\n\n\n<div style=\"height:50px\" aria-hidden=\"true\" class=\"wp-block-spacer\"><\/div>","protected":false},"excerpt":{"rendered":"<p>Stevan Stojadinovi\u0107 Trainee Attorney at Law Stevan joined the CT Legal team in October 2024, after completing his studies at the Faculty of Law, University of Belgrade, where he graduated in the same year. During his academic journey, Stevan developed an interest in civil and commercial law. Stevan is fluent in English. Memberships Belgrade Bar [&hellip;]<\/p>","protected":false},"author":1,"featured_media":1730,"parent":1138,"menu_order":0,"comment_status":"closed","ping_status":"closed","template":"","meta":{"footnotes":""},"class_list":["post-1729","page","type-page","status-publish","has-post-thumbnail","hentry"],"_links":{"self":[{"href":"https:\/\/ctlegal.rs\/sr\/wp-json\/wp\/v2\/pages\/1729","targetHints":{"allow":["GET"]}}],"collection":[{"href":"https:\/\/ctlegal.rs\/sr\/wp-json\/wp\/v2\/pages"}],"about":[{"href":"https:\/\/ctlegal.rs\/sr\/wp-json\/wp\/v2\/types\/page"}],"author":[{"embeddable":true,"href":"https:\/\/ctlegal.rs\/sr\/wp-json\/wp\/v2\/users\/1"}],"replies":[{"embeddable":true,"href":"https:\/\/ctlegal.rs\/sr\/wp-json\/wp\/v2\/comments?post=1729"}],"version-history":[{"count":1,"href":"https:\/\/ctlegal.rs\/sr\/wp-json\/wp\/v2\/pages\/1729\/revisions"}],"predecessor-version":[{"id":1731,"href":"https:\/\/ctlegal.rs\/sr\/wp-json\/wp\/v2\/pages\/1729\/revisions\/1731"}],"up":[{"embeddable":true,"href":"https:\/\/ctlegal.rs\/sr\/wp-json\/wp\/v2\/pages\/1138"}],"wp:featuredmedia":[{"embeddable":true,"href":"https:\/\/ctlegal.rs\/sr\/wp-json\/wp\/v2\/media\/1730"}],"wp:attachment":[{"href":"https:\/\/ctlegal.rs\/sr\/wp-json\/wp\/v2\/media?parent=1729"}],"curies":[{"name":"wp","href":"https:\/\/api.w.org\/{rel}","templated":true}]}}