{"id":975,"date":"2021-04-29T07:38:42","date_gmt":"2021-04-29T07:38:42","guid":{"rendered":"https:\/\/ctlegal.rs\/?page_id=975"},"modified":"2021-05-06T14:02:01","modified_gmt":"2021-05-06T14:02:01","slug":"expertise","status":"publish","type":"page","link":"https:\/\/ctlegal.rs\/sr\/expertise\/","title":{"rendered":"Oblasti prava"},"content":{"rendered":"<div style=\"height:125px\" aria-hidden=\"true\" class=\"wp-block-spacer vertical_line margintop40 marginbottom40\"><\/div>\n\n\n\n<div style=\"height:30px\" aria-hidden=\"true\" class=\"wp-block-spacer\"><\/div>\n\n\n\n<h4 class=\"diagonaltick wp-block-heading\">KORPORATIVNO PRAVO<\/h4>\n\n\n\n<p class=\"maxwidth760 lineheight18\">Savetujemo na\u0161e klijente u svim fazama i aspektima njihovog poslovanja po\u010dev\u0161i od osnivanja privrednih dru\u0161tava, uskla\u0111enosti poslovanja (compliance), korporativnog upravljanja, statusnih promena, i dr.<br>Pru\u017eamo pravnu podr\u0161ku klijentima u razli\u010ditim doma\u0107im i me\u0111unarodnim poslovnim transakcijama, uklju\u010duju\u0107i M&amp;\u0410, privatizaciju i druge investicije. Na\u0161i advokati su bili uklju\u010deni u vi\u0161e zna\u010dajnijih me\u0111unarodnih akvizicija izvr\u0161enih na teritoriji Srbije.<\/p>\n\n\n\n<h4 class=\"diagonaltick wp-block-heading\">BANKARSTVO I FINANSIJE<\/h4>\n\n\n\n<p class=\"maxwidth760 lineheight18\">Na\u0161 tim pru\u017ea pravne usluge u svim aspektima poslovanja finansijskih institucija, pri \u010demu pokrivamo i compliance aspekt \u010dime klijentima obezbe\u0111ujemo uskla\u0111enost poslovanja sa va\u017ee\u0107im propisima relevantnim za bankarstvo i finansije.<br>CT Legal savetuje klijente \u010dije poslovne aktivnosti zahtevaju saradnju sa bankama u svrhu zaklju\u010denja ugovora o kreditu i drugih bankarskih proizvoda, sindiciranih kredita i dr. Zastupamo klijente i u poslovnim odnosima sa osiguravaju\u0107im dru\u0161tvima i lizing kompanijama.<\/p>\n\n\n\n<h4 class=\"diagonaltick wp-block-heading\">RADNO PRAVO<\/h4>\n\n\n\n<p class=\"maxwidth760 lineheight18\">Na\u0161a advokatska kancelarija je poznata po tome \u0161to pored sveobuhvatnog pravnog savetovanja koje pokriva sve aspekte poslovanja privrednih dru\u0161tava ima i posebnu specijalizaciju i jedan od najstru\u010dnijih timova u oblasti radnog prava.<br>Zastupali smo veliki broj menad\u017eera u postupku zasnivanja\/prekida radnog odnosa kao i ugovaranja\/isplate otpremnine i menad\u017eerskih ugovora. Za brojne me\u0111unarodne i doma\u0107e klijente radili smo postupak progla\u0161enja i realizacije tehnolo\u0161kog vi\u0161ka zaposlenih, dobijanja boravi\u0161ne i radne dozvole, izradu kolektivnih ugovora, pravilnika na radu i drugih op\u0161tih akata, povrede na radu itd. Sa velikim uspehom zastupamo u radno pravnim sporovima i sporovima koji se odnose na mobing.<\/p>\n\n\n\n<h4 class=\"diagonaltick wp-block-heading\">RE\u0160AVANJE SPOROVA<\/h4>\n\n\n\n<p class=\"maxwidth760 lineheight18\">\u010clanovi na\u0161eg tima imaju zna\u010dajno iskustvo u zastupanju doma\u0107ih i inostranih klijenata u sudskim postupcima.<br>Na\u0161a kancelarija pru\u017ea kvalitetnu i efikasnu uslugu u postupcima naplate potra\u017eivanja doma\u0107ih i inostranih klijenata.<\/p>\n\n\n\n<h4 class=\"diagonaltick wp-block-heading\">PRAVO KONKURENCIJE<\/h4>\n\n\n\n<p class=\"maxwidth760 lineheight18\">Na\u0161 tim u ovoj oblasti klijentima pru\u017ea pravnu podr\u0161ku kako u smislu preventivnog delovanja \u2013 kroz kontrolu ugovora i druge dokumentacije koja u sebi sadr\u017ei elemente koji mogu biti ili su u vezi sa pravom konkurencije, tako i putem zastupanja pred Komisijom za za\u0161titu konkurencije i drugim nadle\u017enim organima, po svim pitanjima koje se odnose na primenu propisa o za\u0161titi konkurencije.<\/p>\n\n\n\n<h4 class=\"diagonaltick wp-block-heading\">PRAVO INTELEKTUALNE SVOJINE<\/h4>\n\n\n\n<p class=\"maxwidth760 lineheight18\">CT Legal klijentima pru\u017ea pravne usluge registracije \u017eigova, patenata, licenci kao i savetovanje u svim drugim aspektima za\u0161tite i raspolaganja pravima intelektualne svojine.<br>Na\u0161i advokati imaju zna\u010dajno iskustvo u za\u0161tititi autorskih i srodnih prava.<\/p>\n\n\n\n<h4 class=\"diagonaltick wp-block-heading\">ZA\u0160TITA PODATAKA O LI\u010cNOSTI<\/h4>\n\n\n\n<p class=\"maxwidth760 lineheight18\">CT Legal ima zna\u010dajno iskustvo u savetovanju i zastupanju klijenata pred nadle\u017enim upravnim organima o relevantnim pitanjima kao \u0161to su evidencija radnji obrade, dobijanje dozvole za prenos podataka u inostranstvo, uskla\u0111enost poslovanja sa propisima o za\u0161titi podataka o li\u010dnosti i izradom relevantnih internih akata.<\/p>\n\n\n\n<h4 class=\"diagonaltick wp-block-heading\">NEKRETNINE<\/h4>\n\n\n\n<p class=\"maxwidth760 lineheight18\">Na\u0161a kancelarija pru\u017ea pravne usluge u oblasti prava nepokretnosti i prava gra\u0111enja.<br>Savetujemo u prometu nepokretnosti, investicijama, postupcima pred nadle\u017enim upravnim organima i drugo.<\/p>\n\n\n\n<h4 class=\"diagonaltick wp-block-heading\">JAVNE NABAVKE<\/h4>\n\n\n\n<p class=\"maxwidth760 lineheight18\">Savetujemo i zastupamo inostrane i doma\u0107e klijente u pripremi ponude i dokumentacije kao i tokom celokupnog postupka javne nabavke.<br>Na\u0161i advokati pru\u017eaju pravnu podr\u0161ku u procesu realizacije dodeljenih ugovora o javnoj nabavci; zastupaju interese klijenata pri podno\u0161enju zahteva za za\u0161titu prava ponu\u0111a\u010da, u postupku pred naru\u010diocima i nadle\u017enim upravnim organima.<\/p>\n\n\n\n<div style=\"height:50px\" aria-hidden=\"true\" class=\"wp-block-spacer\"><\/div>\n\n\n\n<div style=\"height:85px\" aria-hidden=\"true\" class=\"wp-block-spacer vertical_line marginbottom40\"><\/div>\n\n\n\n<h3 class=\"has-text-align-center wp-block-heading\">\u0160TA MO\u017dEMO DA URADIMO<br>ZA VAS?<\/h3>\n\n\n\n<div style=\"height:85px\" aria-hidden=\"true\" class=\"wp-block-spacer vertical_line marginbottom40\"><\/div>\n\n\n\n<div style=\"height:20px\" aria-hidden=\"true\" class=\"wp-block-spacer\"><\/div>\n\n\n\n<div class=\"wp-block-buttons is-content-justification-center is-layout-flex wp-block-buttons-is-layout-flex\">\n<div class=\"wp-block-button\"><a class=\"wp-block-button__link has-color-2-background-color has-background no-border-radius\" href=\"https:\/\/ctlegal.rs\/sr\/contact-us\/\">Kontaktirajte nas<\/a><\/div>\n<\/div>\n\n\n\n<div class=\"wp-block-columns alignfull is-layout-flex wp-container-core-columns-is-layout-9d6595d7 wp-block-columns-is-layout-flex\">\n<div class=\"wp-block-column is-layout-flow wp-block-column-is-layout-flow\">\n<div class=\"wp-block-image backtop marginright30 margintop30neg\"><figure class=\"alignright size-large is-resized\"><a href=\"#toprow\"><img loading=\"lazy\" decoding=\"async\" src=\"https:\/\/ctlegal.rs\/wp-content\/uploads\/2021\/04\/top.png\" alt=\"Top\" class=\"wp-image-868\" width=\"58\" height=\"58\"\/><\/a><\/figure><\/div>\n\n\n\n<p><\/p>\n<\/div>\n<\/div>","protected":false},"excerpt":{"rendered":"<p>CORPORATE AND COMMERCIAL We provide legal advice to our clients in all stages of their activities, from company formation, compliance, corporate governance to status changes etc.We provide legal support to local and international business transactions, including M&amp;A, privatisation and other investments. Our attorneys have been actively involved in a number of major international acquisitions conducted [&hellip;]<\/p>","protected":false},"author":1,"featured_media":0,"parent":0,"menu_order":0,"comment_status":"closed","ping_status":"closed","template":"","meta":{"footnotes":""},"class_list":["post-975","page","type-page","status-publish","hentry"],"_links":{"self":[{"href":"https:\/\/ctlegal.rs\/sr\/wp-json\/wp\/v2\/pages\/975","targetHints":{"allow":["GET"]}}],"collection":[{"href":"https:\/\/ctlegal.rs\/sr\/wp-json\/wp\/v2\/pages"}],"about":[{"href":"https:\/\/ctlegal.rs\/sr\/wp-json\/wp\/v2\/types\/page"}],"author":[{"embeddable":true,"href":"https:\/\/ctlegal.rs\/sr\/wp-json\/wp\/v2\/users\/1"}],"replies":[{"embeddable":true,"href":"https:\/\/ctlegal.rs\/sr\/wp-json\/wp\/v2\/comments?post=975"}],"version-history":[{"count":18,"href":"https:\/\/ctlegal.rs\/sr\/wp-json\/wp\/v2\/pages\/975\/revisions"}],"predecessor-version":[{"id":1240,"href":"https:\/\/ctlegal.rs\/sr\/wp-json\/wp\/v2\/pages\/975\/revisions\/1240"}],"wp:attachment":[{"href":"https:\/\/ctlegal.rs\/sr\/wp-json\/wp\/v2\/media?parent=975"}],"curies":[{"name":"wp","href":"https:\/\/api.w.org\/{rel}","templated":true}]}}