{"id":996,"date":"2021-04-29T09:03:23","date_gmt":"2021-04-29T09:03:23","guid":{"rendered":"https:\/\/ctlegal.rs\/?page_id=996"},"modified":"2021-05-06T14:01:47","modified_gmt":"2021-05-06T14:01:47","slug":"career","status":"publish","type":"page","link":"https:\/\/ctlegal.rs\/sr\/career\/","title":{"rendered":"Karijera"},"content":{"rendered":"<div style=\"height:125px\" aria-hidden=\"true\" class=\"wp-block-spacer vertical_line margintop40 marginbottom40\"><\/div>\n\n\n\n<div class=\"wp-block-columns maxwidth980 is-layout-flex wp-container-core-columns-is-layout-9d6595d7 wp-block-columns-is-layout-flex\">\n<div class=\"wp-block-column is-layout-flow wp-block-column-is-layout-flow\">\n<h2 class=\"wp-block-heading\">PRIDRU\u017dITE SE NA\u0160EM TIMU<\/h2>\n\n\n\n<p>Mi smo advokatska kancelarija koja veruje o organski rast i stalno usavr\u0161avanje. Zainteresovani smo da pro\u0161irimo tim sa novim kolegama koji se pronalaze u na\u0161im vrednostima, dele na\u0161e ambicije i predanost klijentima.<\/p>\n\n\n\n<p class=\"black_link\">Ukoliko ste zainteresovani da se pridru\u017eite na\u0161em CT Legal timu molimo po\u0161aljite CV i kratko propratno pismo na: <a href=\"mailto:office@ctlegal.rs\">office@ctlegal.rs<\/a><\/p>\n<\/div>\n\n\n\n<div class=\"wp-block-column is-layout-flow wp-block-column-is-layout-flow\"><\/div>\n<\/div>\n\n\n\n<div class=\"wp-block-columns maxwidth980 is-layout-flex wp-container-core-columns-is-layout-9d6595d7 wp-block-columns-is-layout-flex\">\n<div class=\"wp-block-column is-layout-flow wp-block-column-is-layout-flow\">\n<div class=\"paroller3\"><\/div>\n\n\n\n<figure class=\"wp-block-image size-large rectangle1 animation_left\"><img loading=\"lazy\" decoding=\"async\" width=\"974\" height=\"366\" src=\"https:\/\/ctlegal.rs\/wp-content\/uploads\/2021\/04\/career.jpg\" alt=\"Career\" class=\"wp-image-1010\" srcset=\"https:\/\/ctlegal.rs\/wp-content\/uploads\/2021\/04\/career.jpg 974w, https:\/\/ctlegal.rs\/wp-content\/uploads\/2021\/04\/career-300x113.jpg 300w, https:\/\/ctlegal.rs\/wp-content\/uploads\/2021\/04\/career-768x289.jpg 768w, https:\/\/ctlegal.rs\/wp-content\/uploads\/2021\/04\/career-16x6.jpg 16w\" sizes=\"auto, (max-width: 974px) 100vw, 974px\" \/><\/figure>\n<\/div>\n<\/div>\n\n\n\n<div style=\"height:50px\" aria-hidden=\"true\" class=\"wp-block-spacer\"><\/div>\n\n\n\n<div style=\"height:85px\" aria-hidden=\"true\" class=\"wp-block-spacer vertical_line marginbottom40\"><\/div>\n\n\n\n<h3 class=\"has-text-align-center wp-block-heading\">POSTANI DEO TIMA<\/h3>\n\n\n\n<div style=\"height:85px\" aria-hidden=\"true\" class=\"wp-block-spacer vertical_line marginbottom40\"><\/div>\n\n\n\n<div style=\"height:30px\" aria-hidden=\"true\" class=\"wp-block-spacer\"><\/div>\n\n\n\n<div class=\"wp-block-buttons is-content-justification-center is-layout-flex wp-block-buttons-is-layout-flex\">\n<div class=\"wp-block-button\"><a class=\"wp-block-button__link has-color-2-background-color has-background no-border-radius\" href=\"https:\/\/ctlegal.rs\/sr\/contact-us\/\">Po\u0161alji svoj CV<\/a><\/div>\n<\/div>\n\n\n\n<div class=\"wp-block-columns alignfull is-layout-flex wp-container-core-columns-is-layout-9d6595d7 wp-block-columns-is-layout-flex\">\n<div class=\"wp-block-column is-layout-flow wp-block-column-is-layout-flow\">\n<div class=\"wp-block-image backtop marginright30 margintop30neg\"><figure class=\"alignright size-large is-resized\"><a href=\"#toprow\"><img loading=\"lazy\" decoding=\"async\" src=\"https:\/\/ctlegal.rs\/wp-content\/uploads\/2021\/04\/top.png\" alt=\"Top\" class=\"wp-image-868\" width=\"58\" height=\"58\"\/><\/a><\/figure><\/div>\n\n\n\n<p><\/p>\n<\/div>\n<\/div>","protected":false},"excerpt":{"rendered":"<p>IT\u2019S ALL ABOUT PEOPLE We are the law firm which believes in organic growth and continuous development. We are interested in expanding our team with new members matching our values, ambitions and commitment to clients. If you are interested in joining our team at CT Legal please send your CV and a short cover letter [&hellip;]<\/p>","protected":false},"author":1,"featured_media":0,"parent":0,"menu_order":0,"comment_status":"closed","ping_status":"closed","template":"","meta":{"footnotes":""},"class_list":["post-996","page","type-page","status-publish","hentry"],"_links":{"self":[{"href":"https:\/\/ctlegal.rs\/sr\/wp-json\/wp\/v2\/pages\/996","targetHints":{"allow":["GET"]}}],"collection":[{"href":"https:\/\/ctlegal.rs\/sr\/wp-json\/wp\/v2\/pages"}],"about":[{"href":"https:\/\/ctlegal.rs\/sr\/wp-json\/wp\/v2\/types\/page"}],"author":[{"embeddable":true,"href":"https:\/\/ctlegal.rs\/sr\/wp-json\/wp\/v2\/users\/1"}],"replies":[{"embeddable":true,"href":"https:\/\/ctlegal.rs\/sr\/wp-json\/wp\/v2\/comments?post=996"}],"version-history":[{"count":14,"href":"https:\/\/ctlegal.rs\/sr\/wp-json\/wp\/v2\/pages\/996\/revisions"}],"predecessor-version":[{"id":1239,"href":"https:\/\/ctlegal.rs\/sr\/wp-json\/wp\/v2\/pages\/996\/revisions\/1239"}],"wp:attachment":[{"href":"https:\/\/ctlegal.rs\/sr\/wp-json\/wp\/v2\/media?parent=996"}],"curies":[{"name":"wp","href":"https:\/\/api.w.org\/{rel}","templated":true}]}}